{"id":867,"date":"2019-02-12T16:14:44","date_gmt":"2019-02-12T15:14:44","guid":{"rendered":"http:\/\/www.saxo.pl\/?page_id=867"},"modified":"2020-10-01T10:36:50","modified_gmt":"2020-10-01T08:36:50","slug":"hard-skin-pl","status":"publish","type":"page","link":"https:\/\/www.saxo.pl\/index.php\/hard-skin-pl\/","title":{"rendered":"hard-skin.pl"},"content":{"rendered":"<figure>\n\t\t\t\t\t\t\t\t\t\t\t<a href=\"https:\/\/www.hard-skin.pl\/\"><br \/>\n\t\t\t\t\t\t\t<img decoding=\"async\" width=\"807\" height=\"529\" src=\"https:\/\/www.saxo.pl\/wp-content\/uploads\/2019\/02\/hard.jpg\" alt=\"\" loading=\"lazy\" srcset=\"https:\/\/www.saxo.pl\/wp-content\/uploads\/2019\/02\/hard.jpg 807w, https:\/\/www.saxo.pl\/wp-content\/uploads\/2019\/02\/hard-300x197.jpg 300w, https:\/\/www.saxo.pl\/wp-content\/uploads\/2019\/02\/hard-768x503.jpg 768w\" sizes=\"(max-width: 807px) 100vw, 807px\" \/>\t\t\t\t\t\t\t\t<\/a><figcaption>www.hard-skin.pl<\/figcaption><\/figure>\n<p>Hard-skin.pl to sklep dla os\u00f3b, kt\u00f3re chc\u0105 czu\u0107 si\u0119 bezpiecznie a jednocze\u015bnie lubi\u0105 dobr\u0105 zabaw\u0119 i aktywne sp\u0119dzanie wolnego czasu.<\/p>\n<p>Kilkunastoletnie do\u015bwiadczenie w sprzeda\u017cy detalicznej uczyni\u0142o nas profesjonalistami w dziedzinie sprzeda\u017cy, dzi\u0119ki czemu <b>gwarantujemy satysfakcj\u0119 <\/b>ka\u017cdego klienta.<\/p>\n<p>Sklep hard-skin.pl to nie tylko <b>sprzeda\u017c internetowa<\/b>. Gliwice, Katowice, Zabrze \u2013 wszyscy mieszka\u0144cy \u015al\u0105ska mog\u0105 odwiedzi\u0107 nasz sklep stacjonarny, mieszcz\u0105cym si\u0119 w CH Auchan w Gliwicach, przy ul. Rybnickiej 207. Wszyscy nasi sprzedawcy przeszli specjalistyczne szkolenia, dzi\u0119ki czemu klienci naszego sklepu mog\u0105 liczy\u0107 na profesjonaln\u0105 obs\u0142ug\u0119 i dobr\u0105 rad\u0119. <b>Sklep stacjonarny <\/b>oferuje tak\u017ce mo\u017cliwo\u015b\u0107 obejrzenia i przymierzenia danego modelu, dzi\u0119ki czemu klient mo\u017ce sprawdzi\u0107 sprz\u0119t przed zakupem. Je\u015bli aktualnie nie posiadamy na stanie danego towaru, do\u0142o\u017cymy wszelkich stara\u0144, by by\u0142 on dost\u0119pny dla Pa\u0144stwa w mo\u017cliwie najkr\u00f3tszym czasie.<\/p>\n<p>Oferowane przez nas produkty pochodz\u0105 od sprawdzonych dostawc\u00f3w.<\/p>\n<p>Wszystkie dost\u0119pne w naszym sklepie przedmioty posiadaj\u0105 odpowiednie certyfikaty i mog\u0105 by\u0107 sprzedawane <b>bez zezwole\u0144.\u00a0<\/b><\/p>\n<p><b>Dane adresowe:<br \/><\/b>Saxo Group sp. z o.o. sp.k.<br \/>ul. Pszczy\u0144ska 202A<br \/>44-100 GLIWICE<br \/>NIP : 631 21 66 831<br \/>REGON : 273775927<br \/><b>Numer konta:<br \/><\/b>Santander 33 1090 1766 0000 0001 3079 7858<\/p>\n<h2>Oceny naszych klient\u00f3w<\/h2>\n<p>\t\t\t\t\t\t\tOcena<br \/>\n\t\t\t\t\t\t<i>&#xE934;<\/i><i>&#xE934;<\/i><i>&#xE934;<\/i><i>&#xE934;<\/i><i>&#xE934;<\/i> 5\/5\t\t<\/p>\n<p>Robi\u0142em par\u0119 zakup\u00f3w i zawsze dostawa jest bardzo sprawna. Mo\u017cna rzec &#8211; bez zw\u0142oki.<\/p>\n<p>\t\t\t\t\t\t\tOcena<br \/>\n\t\t\t\t\t\t<i>&#xE934;<\/i><i>&#xE934;<\/i><i>&#xE934;<\/i><i>&#xE934;<\/i><i>&#xE934;<\/i> 5\/5\t\t<\/p>\n<p>Paczka dosz\u0142a szybko by\u0142y pewne niedoci\u0105gni\u0119cia je\u015bli chodzi o sam produkt ale obs\u0142uga sklepu stane\u0142a na wysoko\u015bci zadania i bardzo szybko to naprawi\u0142a a\u017c mi\u0142o .Mimo tego nie mam \u017cadnych pretensji bo produkt u nich by\u0142 o po\u0142ow\u0119 ta\u0144szy wi\u0119c super . Kontakt ze sklepem spoko produkt spoko kupi\u0142 bym znowu. A i przesy\u0142ka darmowa ?<\/p>\n<p>\t\t\t\t\t\t\tOcena<br \/>\n\t\t\t\t\t\t<i>&#xE934;<\/i><i>&#xE934;<\/i><i>&#xE934;<\/i><i>&#xE934;<\/i><i>&#xE934;<\/i> 5\/5\t\t<\/p>\n<p>Obs\u0142uga bardzo mi\u0142a &#8211; w trakcie rozmowy mo\u017cna bu\u0142o wyczu\u0107 du\u017ce zaanga\u017cowanie w dobr\u0105 obs\u0142ug\u0119 klienta &#8211; kr\u00f3tko m\u00f3wi\u0105c bardzo dobrze !!!<\/p>\n","protected":false},"excerpt":{"rendered":"<p>www.hard-skin.pl Hard-skin.pl to sklep dla os\u00f3b, kt\u00f3re chc\u0105 czu\u0107 si\u0119 bezpiecznie a jednocze\u015bnie lubi\u0105 dobr\u0105 zabaw\u0119 i aktywne sp\u0119dzanie wolnego czasu. Kilkunastoletnie do\u015bwiadczenie w sprzeda\u017cy detalicznej uczyni\u0142o nas profesjonalistami w dziedzinie sprzeda\u017cy, dzi\u0119ki czemu gwarantujemy satysfakcj\u0119 ka\u017cdego klienta. Sklep hard-skin.pl to nie tylko sprzeda\u017c internetowa. Gliwice, Katowice, Zabrze \u2013 wszyscy mieszka\u0144cy \u015al\u0105ska mog\u0105 odwiedzi\u0107 nasz [&hellip;]<\/p>\n","protected":false},"author":1,"featured_media":0,"parent":0,"menu_order":0,"comment_status":"closed","ping_status":"closed","template":"","meta":{"advanced_seo_description":"","jetpack_seo_html_title":"","jetpack_seo_noindex":false,"ocean_post_layout":"","ocean_both_sidebars_style":"","ocean_both_sidebars_content_width":0,"ocean_both_sidebars_sidebars_width":0,"ocean_sidebar":"0","ocean_second_sidebar":"0","ocean_disable_margins":"enable","ocean_add_body_class":"","ocean_shortcode_before_top_bar":"","ocean_shortcode_after_top_bar":"","ocean_shortcode_before_header":"","ocean_shortcode_after_header":"","ocean_has_shortcode":"","ocean_shortcode_after_title":"","ocean_shortcode_before_footer_widgets":"","ocean_shortcode_after_footer_widgets":"","ocean_shortcode_before_footer_bottom":"","ocean_shortcode_after_footer_bottom":"","ocean_display_top_bar":"default","ocean_display_header":"default","ocean_header_style":"","ocean_center_header_left_menu":"0","ocean_custom_header_template":"0","ocean_custom_logo":0,"ocean_custom_retina_logo":0,"ocean_custom_logo_max_width":0,"ocean_custom_logo_tablet_max_width":0,"ocean_custom_logo_mobile_max_width":0,"ocean_custom_logo_max_height":0,"ocean_custom_logo_tablet_max_height":0,"ocean_custom_logo_mobile_max_height":0,"ocean_header_custom_menu":"0","ocean_menu_typo_font_family":"0","ocean_menu_typo_font_subset":"","ocean_menu_typo_font_size":0,"ocean_menu_typo_font_size_tablet":0,"ocean_menu_typo_font_size_mobile":0,"ocean_menu_typo_font_size_unit":"px","ocean_menu_typo_font_weight":"","ocean_menu_typo_font_weight_tablet":"","ocean_menu_typo_font_weight_mobile":"","ocean_menu_typo_transform":"","ocean_menu_typo_transform_tablet":"","ocean_menu_typo_transform_mobile":"","ocean_menu_typo_line_height":0,"ocean_menu_typo_line_height_tablet":0,"ocean_menu_typo_line_height_mobile":0,"ocean_menu_typo_line_height_unit":"","ocean_menu_typo_spacing":0,"ocean_menu_typo_spacing_tablet":0,"ocean_menu_typo_spacing_mobile":0,"ocean_menu_typo_spacing_unit":"","ocean_menu_link_color":"","ocean_menu_link_color_hover":"","ocean_menu_link_color_active":"","ocean_menu_link_background":"","ocean_menu_link_hover_background":"","ocean_menu_link_active_background":"","ocean_menu_social_links_bg":"","ocean_menu_social_hover_links_bg":"","ocean_menu_social_links_color":"","ocean_menu_social_hover_links_color":"","ocean_disable_title":"default","ocean_disable_heading":"default","ocean_post_title":"","ocean_post_subheading":"","ocean_post_title_style":"","ocean_post_title_background_color":"","ocean_post_title_background":0,"ocean_post_title_bg_image_position":"","ocean_post_title_bg_image_attachment":"","ocean_post_title_bg_image_repeat":"","ocean_post_title_bg_image_size":"","ocean_post_title_height":0,"ocean_post_title_bg_overlay":0.5,"ocean_post_title_bg_overlay_color":"","ocean_disable_breadcrumbs":"default","ocean_breadcrumbs_color":"","ocean_breadcrumbs_separator_color":"","ocean_breadcrumbs_links_color":"","ocean_breadcrumbs_links_hover_color":"","ocean_display_footer_widgets":"default","ocean_display_footer_bottom":"default","ocean_custom_footer_template":"0","jetpack_post_was_ever_published":false,"footnotes":""},"class_list":["post-867","page","type-page","status-publish","hentry","entry"],"jetpack_sharing_enabled":true,"jetpack_shortlink":"https:\/\/wp.me\/PaH1Em-dZ","_links":{"self":[{"href":"https:\/\/www.saxo.pl\/index.php\/wp-json\/wp\/v2\/pages\/867"}],"collection":[{"href":"https:\/\/www.saxo.pl\/index.php\/wp-json\/wp\/v2\/pages"}],"about":[{"href":"https:\/\/www.saxo.pl\/index.php\/wp-json\/wp\/v2\/types\/page"}],"author":[{"embeddable":true,"href":"https:\/\/www.saxo.pl\/index.php\/wp-json\/wp\/v2\/users\/1"}],"replies":[{"embeddable":true,"href":"https:\/\/www.saxo.pl\/index.php\/wp-json\/wp\/v2\/comments?post=867"}],"version-history":[{"count":8,"href":"https:\/\/www.saxo.pl\/index.php\/wp-json\/wp\/v2\/pages\/867\/revisions"}],"predecessor-version":[{"id":1251,"href":"https:\/\/www.saxo.pl\/index.php\/wp-json\/wp\/v2\/pages\/867\/revisions\/1251"}],"wp:attachment":[{"href":"https:\/\/www.saxo.pl\/index.php\/wp-json\/wp\/v2\/media?parent=867"}],"curies":[{"name":"wp","href":"https:\/\/api.w.org\/{rel}","templated":true}]}}