{"id":862,"date":"2019-02-12T15:38:36","date_gmt":"2019-02-12T14:38:36","guid":{"rendered":"http:\/\/www.saxo.pl\/?page_id=862"},"modified":"2020-10-01T10:35:19","modified_gmt":"2020-10-01T08:35:19","slug":"e-watches-pl","status":"publish","type":"page","link":"https:\/\/www.saxo.pl\/index.php\/e-watches-pl\/","title":{"rendered":"e-watches.pl"},"content":{"rendered":"<figure>\n\t\t\t\t\t\t\t\t\t\t\t<a href=\"https:\/\/www.e-watches.pl\"><br \/>\n\t\t\t\t\t\t\t<img decoding=\"async\" width=\"807\" height=\"584\" src=\"https:\/\/www.saxo.pl\/wp-content\/uploads\/2019\/02\/ewatches.jpg\" alt=\"\" loading=\"lazy\" srcset=\"https:\/\/www.saxo.pl\/wp-content\/uploads\/2019\/02\/ewatches.jpg 807w, https:\/\/www.saxo.pl\/wp-content\/uploads\/2019\/02\/ewatches-300x217.jpg 300w, https:\/\/www.saxo.pl\/wp-content\/uploads\/2019\/02\/ewatches-768x556.jpg 768w\" sizes=\"(max-width: 807px) 100vw, 807px\" \/>\t\t\t\t\t\t\t\t<\/a><figcaption>www.e-watches.pl<\/figcaption><\/figure>\n<p>Sklep internetowy oferuj\u0105cy najmodniejsze zegarki i najbardziej stylow\u0105 bi\u017cuteri\u0119 znanych <b>\u015bwiatowych marek<\/b>, pe\u0142en niesamowitych produkt\u00f3w, w\u015br\u00f3d kt\u00f3rych ka\u017cdy znajdzie idealny dla siebie, w jak <b>najatrakcyjniejszej cenie <\/b>na rynku \u2013 tak mo\u017cemy scharakteryzowa\u0107 nasz\u0105 stron\u0119 E-watches.pl<\/p>\n<p><b>Zegarki m\u0119skie<\/b> i bi\u017cuteria m\u0119ska, stanowi\u0105 ogromn\u0105 cz\u0119\u015b\u0107 asortymentu naszego sklepu, dzi\u0119ki czemu ka\u017cdy stylowy M\u0119\u017cczyzna znajdzie u nas idealny dla siebie stylowy dodatek. Dla nowoczesnych Kobiet oferujemy designerskie zegarki damskie znanych marek fashion, a jako idealny <b>pomys\u0142 na prezent<\/b> proponujemy bransoletki, naszyjniki i wszelkie inne dodatki, kt\u00f3re obejmuje bi\u017cuteria damska z naszej oferty.<\/p>\n<p>Zdobyte przez kilkana\u015bcie lat pracy w handlu zegarkami do\u015bwiadczenie, jakie posiada nasza firma, gwarantuje wysok\u0105 jako\u015b\u0107 obs\u0142ugi, a nieustanna ch\u0119\u0107 rozwoju pozwala nam zaoferowa\u0107 Pa\u0144stwu szeroki wyb\u00f3r produkt\u00f3w. Jeste\u015bmy zgranym zespo\u0142em, kt\u00f3ry tworz\u0105c sklep internetowy E-watches, oferuje najmodniejsze zegarki i bi\u017cuteri\u0119 dla Kobiet i M\u0119\u017cczyzn w ka\u017cdym wieku. Staramy si\u0119 stale rozwija\u0107, rozbudowywa\u0107 nasz asortyment i oferowa\u0107 naszym Klientom najwy\u017csz\u0105 jako\u015b\u0107 w najlepszej cenie. Zapraszamy Pa\u0144stwa do zapoznania si\u0119 z nasz\u0105 ofert\u0105, kt\u00f3ra z dnia na dzie\u0144 powi\u0119ksza si\u0119!<\/p>\n<p><b>Dane adresowe:<br \/><\/b>Saxo Group sp. z o.o. sp.k.<br \/>ul. Pszczy\u0144ska 202A<br \/>44-100 GLIWICE<br \/>NIP : 631 21 66 831<br \/>REGON : 273775927<br \/><b>Numer konta:<br \/><\/b>Santander 33 1090 1766 0000 0001 3079 7858<\/p>\n<h2>Oceny naszych klient\u00f3w<\/h2>\n<p>\t\t\t\t\t\t\tOcena<br \/>\n\t\t\t\t\t\t<i>&#xE934;<\/i><i>&#xE934;<\/i><i>&#xE934;<\/i><i>&#xE934;<\/i><i>&#xE934;<\/i> 5\/5\t\t<\/p>\n<p>Jest bardzo zadowolony z obs\u0142ugi! Nawet pocz\u0105tkowe zamieszanie wok\u00f3\u0142 braku towaru zosta\u0142o za\u0142atwione w pe\u0142ni profesjonalnie i bez jakichkolwiek niedogodno\u015bci dla mnie! Pe\u0142na prefeska!<\/p>\n<p>\t\t\t\t\t\t\tOcena<br \/>\n\t\t\t\t\t\t<i>&#xE934;<\/i><i>&#xE934;<\/i><i>&#xE934;<\/i><i>&#xE934;<\/i><i>&#xE934;<\/i> 5\/5\t\t<\/p>\n<p>Wszystko bez najmniejszych problem\u00f3w: paczka dobrze zapakowana,, wys\u0142ana bez zb\u0119dnej zw\u0142oki, szybko dostarczona. Zdecydowanie polecam!<\/p>\n<p>\t\t\t\t\t\t\tOcena<br \/>\n\t\t\t\t\t\t<i>&#xE934;<\/i><i>&#xE934;<\/i><i>&#xE934;<\/i><i>&#xE934;<\/i><i>&#xE934;<\/i> 5\/5\t\t<\/p>\n<p>Otrzyma\u0142em produkt, kt\u00f3ry by\u0142 zgodny z opisanym w ofercie. Zap\u0142aci\u0142em cz\u0119\u015bciowo bonem i cz\u0119\u015bciowo przelewem bez \u017cadnych komplikacji. Towar (zegarek na r\u0119k\u0119) przyby\u0142 do mnie zgodnie ze specyfikacj\u0105 i w terminie szybszym ni\u017c zapowiedziany. Polecam Pa\u0144stwu zakupy w tym sklepie.\u00a0<\/p>\n","protected":false},"excerpt":{"rendered":"<p>www.e-watches.pl Sklep internetowy oferuj\u0105cy najmodniejsze zegarki i najbardziej stylow\u0105 bi\u017cuteri\u0119 znanych \u015bwiatowych marek, pe\u0142en niesamowitych produkt\u00f3w, w\u015br\u00f3d kt\u00f3rych ka\u017cdy znajdzie idealny dla siebie, w jak najatrakcyjniejszej cenie na rynku \u2013 tak mo\u017cemy scharakteryzowa\u0107 nasz\u0105 stron\u0119 E-watches.pl Zegarki m\u0119skie i bi\u017cuteria m\u0119ska, stanowi\u0105 ogromn\u0105 cz\u0119\u015b\u0107 asortymentu naszego sklepu, dzi\u0119ki czemu ka\u017cdy stylowy M\u0119\u017cczyzna znajdzie u nas [&hellip;]<\/p>\n","protected":false},"author":1,"featured_media":0,"parent":0,"menu_order":0,"comment_status":"closed","ping_status":"closed","template":"","meta":{"advanced_seo_description":"","jetpack_seo_html_title":"","jetpack_seo_noindex":false,"ocean_post_layout":"","ocean_both_sidebars_style":"","ocean_both_sidebars_content_width":0,"ocean_both_sidebars_sidebars_width":0,"ocean_sidebar":"0","ocean_second_sidebar":"0","ocean_disable_margins":"enable","ocean_add_body_class":"","ocean_shortcode_before_top_bar":"","ocean_shortcode_after_top_bar":"","ocean_shortcode_before_header":"","ocean_shortcode_after_header":"","ocean_has_shortcode":"","ocean_shortcode_after_title":"","ocean_shortcode_before_footer_widgets":"","ocean_shortcode_after_footer_widgets":"","ocean_shortcode_before_footer_bottom":"","ocean_shortcode_after_footer_bottom":"","ocean_display_top_bar":"default","ocean_display_header":"default","ocean_header_style":"","ocean_center_header_left_menu":"0","ocean_custom_header_template":"0","ocean_custom_logo":0,"ocean_custom_retina_logo":0,"ocean_custom_logo_max_width":0,"ocean_custom_logo_tablet_max_width":0,"ocean_custom_logo_mobile_max_width":0,"ocean_custom_logo_max_height":0,"ocean_custom_logo_tablet_max_height":0,"ocean_custom_logo_mobile_max_height":0,"ocean_header_custom_menu":"0","ocean_menu_typo_font_family":"0","ocean_menu_typo_font_subset":"","ocean_menu_typo_font_size":0,"ocean_menu_typo_font_size_tablet":0,"ocean_menu_typo_font_size_mobile":0,"ocean_menu_typo_font_size_unit":"px","ocean_menu_typo_font_weight":"","ocean_menu_typo_font_weight_tablet":"","ocean_menu_typo_font_weight_mobile":"","ocean_menu_typo_transform":"","ocean_menu_typo_transform_tablet":"","ocean_menu_typo_transform_mobile":"","ocean_menu_typo_line_height":0,"ocean_menu_typo_line_height_tablet":0,"ocean_menu_typo_line_height_mobile":0,"ocean_menu_typo_line_height_unit":"","ocean_menu_typo_spacing":0,"ocean_menu_typo_spacing_tablet":0,"ocean_menu_typo_spacing_mobile":0,"ocean_menu_typo_spacing_unit":"","ocean_menu_link_color":"","ocean_menu_link_color_hover":"","ocean_menu_link_color_active":"","ocean_menu_link_background":"","ocean_menu_link_hover_background":"","ocean_menu_link_active_background":"","ocean_menu_social_links_bg":"","ocean_menu_social_hover_links_bg":"","ocean_menu_social_links_color":"","ocean_menu_social_hover_links_color":"","ocean_disable_title":"default","ocean_disable_heading":"default","ocean_post_title":"","ocean_post_subheading":"","ocean_post_title_style":"","ocean_post_title_background_color":"","ocean_post_title_background":0,"ocean_post_title_bg_image_position":"","ocean_post_title_bg_image_attachment":"","ocean_post_title_bg_image_repeat":"","ocean_post_title_bg_image_size":"","ocean_post_title_height":0,"ocean_post_title_bg_overlay":0.5,"ocean_post_title_bg_overlay_color":"","ocean_disable_breadcrumbs":"default","ocean_breadcrumbs_color":"","ocean_breadcrumbs_separator_color":"","ocean_breadcrumbs_links_color":"","ocean_breadcrumbs_links_hover_color":"","ocean_display_footer_widgets":"default","ocean_display_footer_bottom":"default","ocean_custom_footer_template":"0","jetpack_post_was_ever_published":false,"footnotes":""},"class_list":["post-862","page","type-page","status-publish","hentry","entry"],"jetpack_sharing_enabled":true,"jetpack_shortlink":"https:\/\/wp.me\/PaH1Em-dU","_links":{"self":[{"href":"https:\/\/www.saxo.pl\/index.php\/wp-json\/wp\/v2\/pages\/862"}],"collection":[{"href":"https:\/\/www.saxo.pl\/index.php\/wp-json\/wp\/v2\/pages"}],"about":[{"href":"https:\/\/www.saxo.pl\/index.php\/wp-json\/wp\/v2\/types\/page"}],"author":[{"embeddable":true,"href":"https:\/\/www.saxo.pl\/index.php\/wp-json\/wp\/v2\/users\/1"}],"replies":[{"embeddable":true,"href":"https:\/\/www.saxo.pl\/index.php\/wp-json\/wp\/v2\/comments?post=862"}],"version-history":[{"count":6,"href":"https:\/\/www.saxo.pl\/index.php\/wp-json\/wp\/v2\/pages\/862\/revisions"}],"predecessor-version":[{"id":1250,"href":"https:\/\/www.saxo.pl\/index.php\/wp-json\/wp\/v2\/pages\/862\/revisions\/1250"}],"wp:attachment":[{"href":"https:\/\/www.saxo.pl\/index.php\/wp-json\/wp\/v2\/media?parent=862"}],"curies":[{"name":"wp","href":"https:\/\/api.w.org\/{rel}","templated":true}]}}