{"id":848,"date":"2019-02-12T15:13:12","date_gmt":"2019-02-12T14:13:12","guid":{"rendered":"http:\/\/www.saxo.pl\/?page_id=848"},"modified":"2020-10-01T10:42:59","modified_gmt":"2020-10-01T08:42:59","slug":"zbrojownia","status":"publish","type":"page","link":"https:\/\/www.saxo.pl\/index.php\/zbrojownia\/","title":{"rendered":"zbrojownia.pl"},"content":{"rendered":"<figure>\n\t\t\t\t\t\t\t\t\t\t\t<a href=\"https:\/\/www.zbrojownia.pl\/\" data-elementor-open-lightbox=\"\"><br \/>\n<img loading=\"lazy\" decoding=\"async\" width=\"807\" height=\"515\" src=\"http:\/\/www.saxo.pl\/wp-content\/uploads\/2019\/02\/zbrojownia.jpg\" alt=\"\" srcset=\"http:\/\/www.saxo.pl\/wp-content\/uploads\/2019\/02\/zbrojownia.jpg 807w, http:\/\/www.saxo.pl\/wp-content\/uploads\/2019\/02\/zbrojownia-300x191.jpg 300w, http:\/\/www.saxo.pl\/wp-content\/uploads\/2019\/02\/zbrojownia-768x490.jpg 768w\" sizes=\"(max-width: 807px) 100vw, 807px\">\t\t\t\t\t\t\t\t<\/a><figcaption>www.zbrojownia.pl<\/figcaption><\/figure>\n<p>Zbrojownia.pl to <b>sklep z broni\u0105<\/b> dla os\u00f3b, kt\u00f3re chc\u0105 czu\u0107 si\u0119 bezpiecznie a jednocze\u015bnie lubi\u0105 dobr\u0105 zabaw\u0119.<\/p>\n<p>Kilkunastoletnie <b>do\u015bwiadczenie <\/b>w handlu detalicznym i wysy\u0142kowym uczyni\u0142o nas <b>profesjonalistami <\/b>w dziedzinie sprzeda\u017cy sprz\u0119tu militarnego, dzi\u0119ki czemu gwarantujemy satysfakcj\u0119 ka\u017cdego klienta.<\/p>\n<p>Sklep z broni\u0105 zbrojownia.pl to nie tylko sprzeda\u017c internetowa. Gliwice, Katowice, Zabrze \u2013 wszyscy mieszka\u0144cy \u015al\u0105ska mog\u0105 zakupi\u0107 sprz\u0119t militarny w naszym sklepie stacjonarnym mieszcz\u0105cym si\u0119 w CH Auchan w Gliwicach, przy ul. Rybnickiej 207. Wszyscy nasi sprzedawcy przeszli specjalistyczne szkolenia, dzi\u0119ki czemu klienci naszego sklepu mog\u0105 liczy\u0107 na <b>profesjonaln\u0105 obs\u0142ug\u0119 <\/b>i dobr\u0105 rad\u0119. Sklep stacjonarny oferuje tak\u017ce mo\u017cliwo\u015b\u0107 obejrzenia i przymierzenia danego modelu, dzi\u0119ki czemu klient mo\u017ce sprawdzi\u0107 sprz\u0119t przed zakupem. Je\u015bli aktualnie nie posiadamy na stanie danego towaru, do\u0142o\u017cymy wszelkich stara\u0144, by by\u0142 on dost\u0119pny dla Pa\u0144stwa w mo\u017cliwie najkr\u00f3tszym czasie.<\/p>\n<p>Oferowany przez nas <b>sprz\u0119t militarny <\/b>pochodzi od sprawdzonych dostawc\u00f3w. Nasz sklep z broni\u0105 posiada asortyment uznanych marek takich jak: WALTHER, AIR MASTER, HAMMERLI, PERFECTA, KOLTER, SMITH&amp;WESSON, UMAREX, VICTORINOX, WENGER, GERBER, COLD STEEL, LEATHERMAN, a tak\u017ce wiele innych.<\/p>\n<p>Je\u015bli robi\u0105c zakupy w naszym sklepie internetowym z\u0142o\u017cycie Pa\u0144stwo zam\u00f3wienie przed godzin\u0105 12:00, ju\u017c nast\u0119pnego dnia mo\u017cecie cieszy\u0107 si\u0119 z zakupionego towaru. W przypadku niedost\u0119pno\u015bci produktu w magazynie wysy\u0142ka mo\u017ce wyd\u0142u\u017cy\u0107 si\u0119 do pi\u0119ciu dni.<\/p>\n<p>Wszystkie dost\u0119pne w naszym sklepie przedmioty posiadaj\u0105 odpowiednie certyfikaty i mog\u0105 by\u0107 sprzedawane <b>bez zezwole\u0144<\/b>.<\/p>\n<p><a href=\"https:\/\/www.facebook.com\/zbrojownia.gliwice\/\" target=\"_blank\" rel=\"noopener noreferrer\"><br \/>\nFacebook<br \/>\n<\/a><br \/>\n<a href=\"https:\/\/www.instagram.com\/zbrojownia_pl\/\" target=\"_blank\" rel=\"noopener noreferrer\"><br \/>\nInstagram<br \/>\n<\/a><br \/>\n<a href=\"https:\/\/www.youtube.com\/channel\/UCvfHGCUccMMhygBWtPeERIw\/videos?view_as=subscriber\" target=\"_blank\" rel=\"noopener noreferrer\"><br \/>\nYoutube<br \/>\n<\/a><br \/>\n<a href=\"https:\/\/pl.pinterest.com\/zbrojownia_pl\/\" target=\"_blank\" rel=\"noopener noreferrer\"><br \/>\nPinterest<br \/>\n<\/a><\/p>\n<p><b>Dane adresowe:<br \/>\n<\/b>Saxo Group sp. z o.o. sp.k.<br \/>\nCH Auchan ul. Rybnicka 207<br \/>\n44-100 GLIWICE<br \/>\nNIP : 631 21 66 831<br \/>\nREGON : 273775927<br \/>\n<b>Numer konta:<br \/>\n<\/b>Santander 33 1090 1766 0000 0001 3079 7858<\/p>\n<h2>Oceny naszych klient\u00f3w<\/h2>\n<p>Ocena<br \/>\n<i>\uf005<\/i><i>\uf005<\/i><i>\uf005<\/i><i>\uf005<\/i><i>\uf005<\/i> 5\/5<\/p>\n<p>Fajny sklep \u0142atwo si\u0119 robi w nim zakupy du\u017cy wyb\u00f3r towar\u00f3w polecam.<\/p>\n<p>Ocena<br \/>\n<i>\uf005<\/i><i>\uf005<\/i><i>\uf005<\/i><i>\uf005<\/i><i>\uf005<\/i> 5\/5<\/p>\n<p>Wszystko przebieg\u0142o zgodnie z deklaracj\u0105 sprzedawcy. Informacja meilowa na ka\u017cdym etapie realizacji zam\u00f3wienia. Towar \u015bwietny. Zgodnie z opisem.<\/p>\n<p>Ocena<br \/>\n<i>\uf005<\/i><i>\uf005<\/i><i>\uf005<\/i><i>\uf005<\/i><i>\uf005<\/i> 5\/5<\/p>\n<p>Jestem bardzo zadowolona z przebiegu transakcji, szybko, sprawnie, polecam!<\/p>\n","protected":false},"excerpt":{"rendered":"<p>www.zbrojownia.pl Zbrojownia.pl to sklep z broni\u0105 dla os\u00f3b, kt\u00f3re chc\u0105 czu\u0107 si\u0119 bezpiecznie a jednocze\u015bnie lubi\u0105 dobr\u0105 zabaw\u0119. Kilkunastoletnie do\u015bwiadczenie w handlu detalicznym i wysy\u0142kowym uczyni\u0142o nas profesjonalistami w dziedzinie sprzeda\u017cy sprz\u0119tu militarnego, dzi\u0119ki czemu gwarantujemy satysfakcj\u0119 ka\u017cdego klienta. Sklep z broni\u0105 zbrojownia.pl to nie tylko sprzeda\u017c internetowa. Gliwice, Katowice, Zabrze \u2013 wszyscy mieszka\u0144cy \u015al\u0105ska [&hellip;]<\/p>\n","protected":false},"author":1,"featured_media":0,"parent":0,"menu_order":0,"comment_status":"closed","ping_status":"closed","template":"","meta":{"advanced_seo_description":"","jetpack_seo_html_title":"","jetpack_seo_noindex":false,"ocean_post_layout":"","ocean_both_sidebars_style":"","ocean_both_sidebars_content_width":0,"ocean_both_sidebars_sidebars_width":0,"ocean_sidebar":"0","ocean_second_sidebar":"0","ocean_disable_margins":"enable","ocean_add_body_class":"","ocean_shortcode_before_top_bar":"","ocean_shortcode_after_top_bar":"","ocean_shortcode_before_header":"","ocean_shortcode_after_header":"","ocean_has_shortcode":"","ocean_shortcode_after_title":"","ocean_shortcode_before_footer_widgets":"","ocean_shortcode_after_footer_widgets":"","ocean_shortcode_before_footer_bottom":"","ocean_shortcode_after_footer_bottom":"","ocean_display_top_bar":"default","ocean_display_header":"default","ocean_header_style":"","ocean_center_header_left_menu":"0","ocean_custom_header_template":"0","ocean_custom_logo":0,"ocean_custom_retina_logo":0,"ocean_custom_logo_max_width":0,"ocean_custom_logo_tablet_max_width":0,"ocean_custom_logo_mobile_max_width":0,"ocean_custom_logo_max_height":0,"ocean_custom_logo_tablet_max_height":0,"ocean_custom_logo_mobile_max_height":0,"ocean_header_custom_menu":"0","ocean_menu_typo_font_family":"0","ocean_menu_typo_font_subset":"","ocean_menu_typo_font_size":0,"ocean_menu_typo_font_size_tablet":0,"ocean_menu_typo_font_size_mobile":0,"ocean_menu_typo_font_size_unit":"px","ocean_menu_typo_font_weight":"","ocean_menu_typo_font_weight_tablet":"","ocean_menu_typo_font_weight_mobile":"","ocean_menu_typo_transform":"","ocean_menu_typo_transform_tablet":"","ocean_menu_typo_transform_mobile":"","ocean_menu_typo_line_height":0,"ocean_menu_typo_line_height_tablet":0,"ocean_menu_typo_line_height_mobile":0,"ocean_menu_typo_line_height_unit":"","ocean_menu_typo_spacing":0,"ocean_menu_typo_spacing_tablet":0,"ocean_menu_typo_spacing_mobile":0,"ocean_menu_typo_spacing_unit":"","ocean_menu_link_color":"","ocean_menu_link_color_hover":"","ocean_menu_link_color_active":"","ocean_menu_link_background":"","ocean_menu_link_hover_background":"","ocean_menu_link_active_background":"","ocean_menu_social_links_bg":"","ocean_menu_social_hover_links_bg":"","ocean_menu_social_links_color":"","ocean_menu_social_hover_links_color":"","ocean_disable_title":"default","ocean_disable_heading":"default","ocean_post_title":"","ocean_post_subheading":"","ocean_post_title_style":"","ocean_post_title_background_color":"","ocean_post_title_background":0,"ocean_post_title_bg_image_position":"","ocean_post_title_bg_image_attachment":"","ocean_post_title_bg_image_repeat":"","ocean_post_title_bg_image_size":"","ocean_post_title_height":0,"ocean_post_title_bg_overlay":0.5,"ocean_post_title_bg_overlay_color":"","ocean_disable_breadcrumbs":"default","ocean_breadcrumbs_color":"","ocean_breadcrumbs_separator_color":"","ocean_breadcrumbs_links_color":"","ocean_breadcrumbs_links_hover_color":"","ocean_display_footer_widgets":"default","ocean_display_footer_bottom":"default","ocean_custom_footer_template":"0","jetpack_post_was_ever_published":false,"footnotes":""},"class_list":["post-848","page","type-page","status-publish","hentry","entry"],"jetpack_sharing_enabled":true,"jetpack_shortlink":"https:\/\/wp.me\/PaH1Em-dG","_links":{"self":[{"href":"https:\/\/www.saxo.pl\/index.php\/wp-json\/wp\/v2\/pages\/848"}],"collection":[{"href":"https:\/\/www.saxo.pl\/index.php\/wp-json\/wp\/v2\/pages"}],"about":[{"href":"https:\/\/www.saxo.pl\/index.php\/wp-json\/wp\/v2\/types\/page"}],"author":[{"embeddable":true,"href":"https:\/\/www.saxo.pl\/index.php\/wp-json\/wp\/v2\/users\/1"}],"replies":[{"embeddable":true,"href":"https:\/\/www.saxo.pl\/index.php\/wp-json\/wp\/v2\/comments?post=848"}],"version-history":[{"count":22,"href":"https:\/\/www.saxo.pl\/index.php\/wp-json\/wp\/v2\/pages\/848\/revisions"}],"predecessor-version":[{"id":1261,"href":"https:\/\/www.saxo.pl\/index.php\/wp-json\/wp\/v2\/pages\/848\/revisions\/1261"}],"wp:attachment":[{"href":"https:\/\/www.saxo.pl\/index.php\/wp-json\/wp\/v2\/media?parent=848"}],"curies":[{"name":"wp","href":"https:\/\/api.w.org\/{rel}","templated":true}]}}