{"id":684,"date":"2019-02-10T22:09:53","date_gmt":"2019-02-10T21:09:53","guid":{"rendered":"http:\/\/www.saxo.pl\/?page_id=684"},"modified":"2020-10-01T10:40:02","modified_gmt":"2020-10-01T08:40:02","slug":"o-nas","status":"publish","type":"page","link":"https:\/\/www.saxo.pl\/index.php\/o-nas\/","title":{"rendered":"O nas"},"content":{"rendered":"<p>Pocz\u0105tki dzia\u0142alno\u015bci firmy Saxo si\u0119gaj\u0105 pocz\u0105tk\u00f3w lat dziewi\u0119\u0107dziesi\u0105tych XX wieku. Wychodz\u0105c na przeciw oczekiwaniom ludzi w Polsce, kt\u00f3ra akurat przechodzi\u0142a transformacj\u0119 i otwiera\u0142a si\u0119 na zach\u00f3d od samego pocz\u0105tku firma skupia\u0142a si\u0119 na handlu zagranicznymi i luksusowymi markami. Na starcie by\u0142y to najbardziej po\u017c\u0105dane marki zegark\u00f3w. Firma stawiaj\u0105c na te zaufane i presti\u017cowe marki odnios\u0142a ogromny sukces i z jednego sklepu przekszta\u0142ci\u0142a si\u0119 w sie\u0107 salon\u00f3w partnerskich firmy Zibi. Dost\u0119p do \u015bwiatowych marek i najlepszych modeli przyczyni\u0142 si\u0119 do dynamicznej ekspansji firmy w \u015bwiecie zegark\u00f3w jednak ambitni w\u0142a\u015bciciele nie poprzestali na sklepach stacjonarnych i przedstawili swoim klientom najnowocze\u015bniejszy jak na tamte czasy sklep internetowy z zegarkami. Witryna otozegarki.pl i ruch na stronie przekroczy\u0142 oczekiwania wszystkich pracuj\u0105cych w firmie, ale to nic dziwnego kiedy stawia si\u0119 na nowoczesno\u015b\u0107. Sklep otozegarki.pl wyznacza\u0142 trendy i daleko w tyle zostawia\u0142l konkurencj\u0119 ze wzgl\u0119du na jako\u015b\u0107 obs\u0142ugi i jako\u015b\u0107 produkt\u00f3w. Coraz wi\u0119ksza ilo\u015b\u0107 klient\u00f3w przyczyni\u0142a si\u0119 do uruchomienia kolejnego sklepu internetowego e-watches.pl. By\u0142 to niesamowity zabieg gdy\u017c wprowadzono tam nowe, mniej znane w Polsce marki specjalnie dla klient\u00f3w kt\u00f3rzy ich poszukiwali. Tym samym firma przyczyni\u0142a si\u0119 do rozpowszechnienia kilku topowych teraz marek.<\/p>\n<p>Firma Saxo id\u0105c za postawionymi sobie priorytetami postanowi\u0142a w roku 2016 wprowadzi\u0107 do swojej oferty bi\u017cuteri\u0119. Na p\u00f3\u0142kach sklepowych pojawi\u0142a si\u0119 nie byle jaka bi\u017cuteria gdy\u017c obok bransoletek i pier\u015bcionk\u00f3w ze stali szlachetnej pojawi\u0142o si\u0119 srebro i z\u0142oto. Dystrybucja m. in. z\u0142otych kolczyk\u00f3w i innych eleganckich dodatk\u00f3w z metali szlachetnych stworzy\u0142a firm\u0119 jeszcze bardziej presti\u017cow\u0105.<\/p>\n<p>Zdobyte do\u015bwiadczenie w handlu i potrzeby rynku lokalnego, miasta Gliwic, sk\u0105d pochodzi firma Saxo, zach\u0119ci\u0142y w\u0142a\u015bcicieli do rozszerzenia dzia\u0142alno\u015bci \u2013 od 2015 roku powsta\u0142a Zbrojownia.pl, czyli miejsce stworzone z my\u015bl\u0105 o wszystkich pasjonatach militari\u00f3w i surwiwalu. Stacjonarny sklep w jednym z centr\u00f3w handlowych szybko sta\u0142 si\u0119 prawdziwym hitem i jest t\u0142umnie odwiedzany, g\u0142\u00f3wnie przez Pan\u00f3w, szukaj\u0105cych fachowego doradztwa i najbardziej m\u0119skich akcesori\u00f3w, wyposa\u017cenia oraz odzie\u017cy. Witryna internetowa zbrojownia.pl, zbudowana na bazie wieloletniego do\u015bwiadczenia w handlu on-line, ugruntowuje swoja pozycj\u0119, z dnia na dzie\u0144, staj\u0105c si\u0119 coraz bardziej rozpoznawaln\u0105 na rynku. Sklep internetowy przedstawia pe\u0142n\u0105 ofert\u0119, kt\u00f3r\u0105 mo\u017cna naby\u0107 wysy\u0142kowo, b\u0105d\u017a zam\u00f3wi\u0107 z odbiorem osobistym w gliwickim salonie sprzeda\u017cy. Dla wszystkich szukaj\u0105cych najszerszej oferty legalnych wiatr\u00f3wek i akcesori\u00f3w, kompas\u00f3w, no\u017cy, a tak\u017ce unikatowej, typowo m\u0119skiej b\u0105d\u017a patriotycznej odzie\u017cy, pasjonat\u00f3w strzelectwa, amator\u00f3w i profesjonalist\u00f3w sport\u00f3w outdoorowych, kobiet i m\u0119\u017cczyzn lubi\u0105cych poznawa\u0107 \u015bwiat podczas surwiwalowych przyg\u00f3d \u2013 sklep Zbrojownia.pl to miejsce, kt\u00f3re spe\u0142ni wasze oczekiwania, zar\u00f3wno pod wzgl\u0119dem szerokiej oferty asortymentu, jak i najwy\u017cszej jako\u015bci obs\u0142ugi klienta.<\/p>\n<p><img loading=\"lazy\" decoding=\"async\" width=\"1920\" height=\"1280\" src=\"https:\/\/www.saxo.pl\/wp-content\/uploads\/2019\/05\/saxo_salon_katowice.jpg\" alt=\"\" srcset=\"https:\/\/www.saxo.pl\/wp-content\/uploads\/2019\/05\/saxo_salon_katowice.jpg 1920w, https:\/\/www.saxo.pl\/wp-content\/uploads\/2019\/05\/saxo_salon_katowice-300x200.jpg 300w, https:\/\/www.saxo.pl\/wp-content\/uploads\/2019\/05\/saxo_salon_katowice-768x512.jpg 768w, https:\/\/www.saxo.pl\/wp-content\/uploads\/2019\/05\/saxo_salon_katowice-1024x683.jpg 1024w\" sizes=\"(max-width: 1920px) 100vw, 1920px\"><\/p>\n<p>Saxo jest sp\u00f3\u0142k\u0105, kt\u00f3ra stawia na rozw\u00f3j, dlatego od 2018 roku dzia\u0142alno\u015b\u0107 marki rozszerzona zosta\u0142a o dystrybucj\u0119 marki Norica, znanego na \u015bwiecie producenta wiatr\u00f3wek \u2013 karabink\u00f3w pneumatycznych z Hiszpanii. Specjalna oferta, skierowana zar\u00f3wno dla klient\u00f3w detalicznych jak i hurtowych, jest stale uaktualniana i poszerzana o pojawiaj\u0105ce si\u0119 na rynku nowo\u015bci. Wszystkie oferowane modele posiadaj\u0105&nbsp; &nbsp;odpowiednie certyfikaty i mog\u0105 by\u0107 sprzedawane bez zezwole\u0144.<\/p>\n<p>Firma Saxo jest nowoczesnym przedsi\u0119biorstwem tworzonym przez ludzi z pasj\u0105 i zaanga\u017cowaniem. Stawiaj\u0105c sobie cel najlepszej obs\u0142ugi klienta, profesjonalnego doradztwa, bezpiecznych transakcji na \u017cywo i on-line, stale buduje stabiln\u0105 pozycj\u0119 na polskim rynku. Cztery nowoczesne sklepy internetowe, dwie wy\u0142\u0105czne polskie dystrybucje, pi\u0119\u0107 sklep\u00f3w stacjonarnych w galeriach handlowych na \u015al\u0105sku, wyszkoleni pracownicy i pomocni konsultanci, polskie przedsi\u0119biorstwo, kt\u00f3re spe\u0142ni oczekiwania nawet najbardziej wymagaj\u0105cych klient\u00f3w. Zapraszamy na zakupy!Kupuj\u0105c w naszych sklepach internetowych masz pewno\u015b\u0107 realizacji zam\u00f3wienia na produkt oryginalny, wysokiej jako\u015bci, pe\u0142nowarto\u015bciowy.<\/p>\n<p>Dok\u0142adamy wszelkich stara\u0144, aby wszystkie zam\u00f3wienia traktowa\u0107 priorytetowo i wysy\u0142a\u0107 je do naszych klient\u00f3w w ekspresowym. Pr\u00f3cz tego wszystkie produkty przed wysy\u0142k\u0105 dok\u0142adnie sprawdzamy, a wszystkie paczki pakujemy z najwy\u017csz\u0105 staranno\u015bci\u0105 i zabezpieczamy przed uszkodzeniem.<\/p>\n<p><img loading=\"lazy\" decoding=\"async\" width=\"1267\" height=\"235\" src=\"https:\/\/www.saxo.pl\/wp-content\/uploads\/2019\/05\/saxo_nagrody_certyfikaty.jpg\" alt=\"\" srcset=\"https:\/\/www.saxo.pl\/wp-content\/uploads\/2019\/05\/saxo_nagrody_certyfikaty.jpg 1267w, https:\/\/www.saxo.pl\/wp-content\/uploads\/2019\/05\/saxo_nagrody_certyfikaty-300x56.jpg 300w, https:\/\/www.saxo.pl\/wp-content\/uploads\/2019\/05\/saxo_nagrody_certyfikaty-768x142.jpg 768w, https:\/\/www.saxo.pl\/wp-content\/uploads\/2019\/05\/saxo_nagrody_certyfikaty-1024x190.jpg 1024w\" sizes=\"(max-width: 1267px) 100vw, 1267px\"><\/p>\n","protected":false},"excerpt":{"rendered":"<p>Pocz\u0105tki dzia\u0142alno\u015bci firmy Saxo si\u0119gaj\u0105 pocz\u0105tk\u00f3w lat dziewi\u0119\u0107dziesi\u0105tych XX wieku. Wychodz\u0105c na przeciw oczekiwaniom ludzi w Polsce, kt\u00f3ra akurat przechodzi\u0142a transformacj\u0119 i otwiera\u0142a si\u0119 na zach\u00f3d od samego pocz\u0105tku firma skupia\u0142a si\u0119 na handlu zagranicznymi i luksusowymi markami. Na starcie by\u0142y to najbardziej po\u017c\u0105dane marki zegark\u00f3w. Firma stawiaj\u0105c na te zaufane i presti\u017cowe marki odnios\u0142a [&hellip;]<\/p>\n","protected":false},"author":1,"featured_media":0,"parent":0,"menu_order":0,"comment_status":"closed","ping_status":"closed","template":"","meta":{"advanced_seo_description":"","jetpack_seo_html_title":"","jetpack_seo_noindex":false,"ocean_post_layout":"","ocean_both_sidebars_style":"","ocean_both_sidebars_content_width":0,"ocean_both_sidebars_sidebars_width":0,"ocean_sidebar":"0","ocean_second_sidebar":"0","ocean_disable_margins":"enable","ocean_add_body_class":"","ocean_shortcode_before_top_bar":"","ocean_shortcode_after_top_bar":"","ocean_shortcode_before_header":"","ocean_shortcode_after_header":"","ocean_has_shortcode":"","ocean_shortcode_after_title":"","ocean_shortcode_before_footer_widgets":"","ocean_shortcode_after_footer_widgets":"","ocean_shortcode_before_footer_bottom":"","ocean_shortcode_after_footer_bottom":"","ocean_display_top_bar":"default","ocean_display_header":"default","ocean_header_style":"","ocean_center_header_left_menu":"0","ocean_custom_header_template":"0","ocean_custom_logo":0,"ocean_custom_retina_logo":0,"ocean_custom_logo_max_width":0,"ocean_custom_logo_tablet_max_width":0,"ocean_custom_logo_mobile_max_width":0,"ocean_custom_logo_max_height":0,"ocean_custom_logo_tablet_max_height":0,"ocean_custom_logo_mobile_max_height":0,"ocean_header_custom_menu":"0","ocean_menu_typo_font_family":"0","ocean_menu_typo_font_subset":"","ocean_menu_typo_font_size":0,"ocean_menu_typo_font_size_tablet":0,"ocean_menu_typo_font_size_mobile":0,"ocean_menu_typo_font_size_unit":"px","ocean_menu_typo_font_weight":"","ocean_menu_typo_font_weight_tablet":"","ocean_menu_typo_font_weight_mobile":"","ocean_menu_typo_transform":"","ocean_menu_typo_transform_tablet":"","ocean_menu_typo_transform_mobile":"","ocean_menu_typo_line_height":0,"ocean_menu_typo_line_height_tablet":0,"ocean_menu_typo_line_height_mobile":0,"ocean_menu_typo_line_height_unit":"","ocean_menu_typo_spacing":0,"ocean_menu_typo_spacing_tablet":0,"ocean_menu_typo_spacing_mobile":0,"ocean_menu_typo_spacing_unit":"","ocean_menu_link_color":"","ocean_menu_link_color_hover":"","ocean_menu_link_color_active":"","ocean_menu_link_background":"","ocean_menu_link_hover_background":"","ocean_menu_link_active_background":"","ocean_menu_social_links_bg":"","ocean_menu_social_hover_links_bg":"","ocean_menu_social_links_color":"","ocean_menu_social_hover_links_color":"","ocean_disable_title":"default","ocean_disable_heading":"default","ocean_post_title":"","ocean_post_subheading":"","ocean_post_title_style":"","ocean_post_title_background_color":"","ocean_post_title_background":0,"ocean_post_title_bg_image_position":"","ocean_post_title_bg_image_attachment":"","ocean_post_title_bg_image_repeat":"","ocean_post_title_bg_image_size":"","ocean_post_title_height":0,"ocean_post_title_bg_overlay":0.5,"ocean_post_title_bg_overlay_color":"","ocean_disable_breadcrumbs":"default","ocean_breadcrumbs_color":"","ocean_breadcrumbs_separator_color":"","ocean_breadcrumbs_links_color":"","ocean_breadcrumbs_links_hover_color":"","ocean_display_footer_widgets":"default","ocean_display_footer_bottom":"default","ocean_custom_footer_template":"0","jetpack_post_was_ever_published":false,"footnotes":""},"class_list":["post-684","page","type-page","status-publish","hentry","entry"],"jetpack_sharing_enabled":true,"jetpack_shortlink":"https:\/\/wp.me\/PaH1Em-b2","_links":{"self":[{"href":"https:\/\/www.saxo.pl\/index.php\/wp-json\/wp\/v2\/pages\/684"}],"collection":[{"href":"https:\/\/www.saxo.pl\/index.php\/wp-json\/wp\/v2\/pages"}],"about":[{"href":"https:\/\/www.saxo.pl\/index.php\/wp-json\/wp\/v2\/types\/page"}],"author":[{"embeddable":true,"href":"https:\/\/www.saxo.pl\/index.php\/wp-json\/wp\/v2\/users\/1"}],"replies":[{"embeddable":true,"href":"https:\/\/www.saxo.pl\/index.php\/wp-json\/wp\/v2\/comments?post=684"}],"version-history":[{"count":13,"href":"https:\/\/www.saxo.pl\/index.php\/wp-json\/wp\/v2\/pages\/684\/revisions"}],"predecessor-version":[{"id":1256,"href":"https:\/\/www.saxo.pl\/index.php\/wp-json\/wp\/v2\/pages\/684\/revisions\/1256"}],"wp:attachment":[{"href":"https:\/\/www.saxo.pl\/index.php\/wp-json\/wp\/v2\/media?parent=684"}],"curies":[{"name":"wp","href":"https:\/\/api.w.org\/{rel}","templated":true}]}}