{"id":663,"date":"2019-02-10T21:46:31","date_gmt":"2019-02-10T20:46:31","guid":{"rendered":"http:\/\/www.saxo.pl\/?page_id=663"},"modified":"2019-05-08T13:27:58","modified_gmt":"2019-05-08T11:27:58","slug":"bizuteria","status":"publish","type":"page","link":"https:\/\/www.saxo.pl\/index.php\/bizuteria\/","title":{"rendered":"Bi\u017cuteria"},"content":{"rendered":"<p>Nieod\u0142\u0105cznym elementem pi\u0119kna, jest wykonanie z najwy\u017cszej jako\u015bci materia\u0142\u00f3w. To w\u0142a\u015bnie sprawia, \u017ce od wielu lat, mimo niesamowicie rosn\u0105cej oferty, bi\u017cuteria wykonana ze srebra i z\u0142ota, jest jedn\u0105 z najch\u0119tniej wybieranych przez klient\u00f3w na ca\u0142ym \u015bwiecie. Decyduj\u0105c si\u0119 na kolczyki, bransoletki, naszyjniki czy pier\u015bcionki z tych szlachetnych kruszc\u00f3w, otrzymujesz przepi\u0119kny wyr\u00f3b o warto\u015bci, kt\u00f3ra nie przemija.<\/p>\n<p>Firma Saxo istnieje na rynku od pocz\u0105tk\u00f3w lat 90. Z biegiem lat ugruntowuj\u0105c swoj\u0105 pozycj\u0119 na rynku jubilersko-zegarmistrzowskim. Zdobyte do\u015bwiadczenie i rozrost firmy pozwoli\u0142y na rozszerzenie dzia\u0142alno\u015bci o dystrybucj\u0119 detaliczn\u0105 najwy\u017cszej jako\u015bci wyrob\u00f3w jubilerskich ze z\u0142ota i srebra. Pi\u0119kna bi\u017cuteria, kt\u00f3r\u0105 znale\u017a\u0107 mo\u017cna w ofercie marki, w pe\u0142ni wykonana jest w zgodzie z najwy\u017cszymi standardami i opiera si\u0119 na szlachetnych kruszcach, kt\u00f3re posiadaj\u0105 wybite oznaczenie pr\u00f3by i zosta\u0142y przebadane przez Polski Urz\u0105d Probierczy, co jest gwarancj\u0105 ich warto\u015bci.<\/p>\n<h2>Bi\u017cuteria z\u0142ota czy srebrna?<\/h2>\n<p>Jest to jeden z najcz\u0119stszych dylemat\u00f3w, przed jakimi staj\u0105 M\u0119\u017cczy\u017ani przed zakupem prezentu dla bliskiej kobiety, gdy\u017c to w\u0142a\u015bnie bi\u017cuteria jest jednym z topowych pomys\u0142\u00f3w na upominek na ka\u017cd\u0105 okazj\u0119. Jaki model wybra\u0107? Zdecydowa\u0107 si\u0119 na subtelne srebro czy klasyczne z\u0142oto? Nie lada dylemat, na kt\u00f3ry nie ma prostej odpowiedzi. Srebrna bi\u017cuteria prezentuje si\u0119 bardzo subtelnie i czysto, a przy tym jest zdecydowanie bardziej przyst\u0119pna cenowo. Z\u0142oto natomiast ma w sobie nut\u0119 luksusu, kt\u00f3ry mo\u017cna mie\u0107 na co dzie\u0144, nawet w formie delikatnego dodatku. W ofercie marki Saxo znale\u017a\u0107 mo\u017cna rozbudowan\u0105 ofert\u0119 srebra pr\u00f3by 925. oraz z\u0142ota, pr\u00f3b 333 oraz 585.<\/p>\n<h2>Bi\u017cuteria z\u0142ota dla pa\u0144<\/h2>\n<p>To najwi\u0119ksza cz\u0119\u015b\u0107 marki Saxo. To w\u0142a\u015bnie kobiety s\u0105 docelow\u0105 grup\u0105, dla kt\u00f3rej firma stale rozbudowuje swoj\u0105 ofert\u0119. Przepi\u0119kne naszyjniki, kt\u00f3re niesamowicie podkre\u015blaj\u0105 dekolt i przyci\u0105gaj\u0105 spojrzenie; delikatne kolczyki, kt\u00f3re ozdabiaj\u0105 nie tylko kobiece uszy, ale te\u017c dodaj\u0105 szyku ca\u0142ym stylizacjom; r\u00f3\u017cnorodne bransoletki, kt\u00f3re mo\u017cna nosi\u0107 solo, b\u0105d\u017a \u0142\u0105czy\u0107 ze sob\u0105 lub zegarkami, a tak\u017ce symboliczne pier\u015bcionki, kt\u00f3re najcz\u0119\u015bciej wybierane s\u0105 na specjalne okazje. Wykonanie ze z\u0142ota gwarantuje najwy\u017csz\u0105 jako\u015b\u0107 i przepi\u0119kny wygl\u0105d. W ofercie Saxo znale\u017a\u0107 mo\u017cna bi\u017cuteri\u0119 z klasycznego \u017c\u00f3\u0142tego z\u0142ota, a tak\u017ce bia\u0142ego z\u0142ota, czyli tego o srebrnym odcieniu, ale niezaprzeczalnie wy\u017cszej warto\u015bci.<\/p>\n<h2>Srebrna bi\u017cuteria dla m\u0119\u017cczyzn<\/h2>\n<p>R\u00f3wnie\u017c dla Pan\u00f3w marka Saxo przygotowa\u0142a specjaln\u0105 ofert\u0119 \u2013 typowo m\u0119skie \u0142a\u0144cuszki, kt\u00f3re najcz\u0119\u015bciej posiadaj\u0105 splot typu pancerka &#8211; wykonany z po\u0142\u0105czonych ze sob\u0105 pojedynczych ogniw sp\u0142aszczonych po bokach, a do kompletu m\u0119skie bransoletki. Srebrna bi\u017cuteria jest zdecydowanie cz\u0119\u015bciej wybierana przez m\u0119\u017cczyzn ni\u017c z\u0142ota, z pewno\u015bci\u0105 ze wzgl\u0119du na sw\u00f3j stonowany wygl\u0105d i delikatniejszy b\u0142ysk.<\/p>\n<h2>Z\u0142ota bi\u017cuteria z kamieniami szlachetnymi<\/h2>\n<p>W ofercie Saxo znale\u017a\u0107 mo\u017cna tak\u017ce bardzo eleganckie i niezwykle szykowne pier\u015bcionki z diamentami. To idealne wyroby jubilerskie, kt\u00f3re sprawdz\u0105 si\u0119 na ka\u017cd\u0105 okazj\u0119 wart\u0105 zapami\u0119tania. Przede wszystkim zar\u0119czyny, kt\u00f3rych pier\u015bcionek jest nieod\u0142\u0105cznym elementem, ale tak\u017ce z okazji Komunii \u015awi\u0119tej, narodzin dziecka czy urodzin. Wzbogacona o niezwykle warto\u015bciowe i przepi\u0119kne brylanty bi\u017cuteria, z pewno\u015bci\u0105 spodoba si\u0119 ka\u017cdej Pani, gdy\u017c jak to powiedzia\u0142a Marilyn Monroe, to w\u0142a\u015bnie diamenty s\u0105 najlepszymi przyjaci\u00f3\u0142mi kobiet.<\/p>\n<p>Marka Saxo stawia przede wszystkim na jako\u015b\u0107, zachowuj\u0105c przy tym zgodno\u015b\u0107 z najbardziej aktualnymi trendami, ale te\u017c ponadczasowym wzornictwem. Bi\u017cuteria srebrna i z\u0142ota, dzi\u0119ki wykonaniu ze szlachetnych kruszc\u00f3w, nie straci na warto\u015bci, wi\u0119c mo\u017ce by\u0107 przekazywana z pokolenia na pokolenie. To swoista inwestycja, kt\u00f3ra znakomicie sprawdza si\u0119 jako prezent na ka\u017cd\u0105 okazj\u0119.<\/p>\n","protected":false},"excerpt":{"rendered":"<p>Nieod\u0142\u0105cznym elementem pi\u0119kna, jest wykonanie z najwy\u017cszej jako\u015bci materia\u0142\u00f3w. To w\u0142a\u015bnie sprawia, \u017ce od wielu lat, mimo niesamowicie rosn\u0105cej oferty, bi\u017cuteria wykonana ze srebra i z\u0142ota, jest jedn\u0105 z najch\u0119tniej wybieranych przez klient\u00f3w na ca\u0142ym \u015bwiecie. Decyduj\u0105c si\u0119 na kolczyki, bransoletki, naszyjniki czy pier\u015bcionki z tych szlachetnych kruszc\u00f3w, otrzymujesz przepi\u0119kny wyr\u00f3b o warto\u015bci, kt\u00f3ra nie [&hellip;]<\/p>\n","protected":false},"author":1,"featured_media":0,"parent":0,"menu_order":0,"comment_status":"closed","ping_status":"closed","template":"","meta":{"advanced_seo_description":"","jetpack_seo_html_title":"","jetpack_seo_noindex":false,"ocean_post_layout":"","ocean_both_sidebars_style":"","ocean_both_sidebars_content_width":0,"ocean_both_sidebars_sidebars_width":0,"ocean_sidebar":"0","ocean_second_sidebar":"0","ocean_disable_margins":"enable","ocean_add_body_class":"","ocean_shortcode_before_top_bar":"","ocean_shortcode_after_top_bar":"","ocean_shortcode_before_header":"","ocean_shortcode_after_header":"","ocean_has_shortcode":"","ocean_shortcode_after_title":"","ocean_shortcode_before_footer_widgets":"","ocean_shortcode_after_footer_widgets":"","ocean_shortcode_before_footer_bottom":"","ocean_shortcode_after_footer_bottom":"","ocean_display_top_bar":"default","ocean_display_header":"default","ocean_header_style":"","ocean_center_header_left_menu":"0","ocean_custom_header_template":"0","ocean_custom_logo":0,"ocean_custom_retina_logo":0,"ocean_custom_logo_max_width":0,"ocean_custom_logo_tablet_max_width":0,"ocean_custom_logo_mobile_max_width":0,"ocean_custom_logo_max_height":0,"ocean_custom_logo_tablet_max_height":0,"ocean_custom_logo_mobile_max_height":0,"ocean_header_custom_menu":"0","ocean_menu_typo_font_family":"0","ocean_menu_typo_font_subset":"","ocean_menu_typo_font_size":0,"ocean_menu_typo_font_size_tablet":0,"ocean_menu_typo_font_size_mobile":0,"ocean_menu_typo_font_size_unit":"px","ocean_menu_typo_font_weight":"","ocean_menu_typo_font_weight_tablet":"","ocean_menu_typo_font_weight_mobile":"","ocean_menu_typo_transform":"","ocean_menu_typo_transform_tablet":"","ocean_menu_typo_transform_mobile":"","ocean_menu_typo_line_height":0,"ocean_menu_typo_line_height_tablet":0,"ocean_menu_typo_line_height_mobile":0,"ocean_menu_typo_line_height_unit":"","ocean_menu_typo_spacing":0,"ocean_menu_typo_spacing_tablet":0,"ocean_menu_typo_spacing_mobile":0,"ocean_menu_typo_spacing_unit":"","ocean_menu_link_color":"","ocean_menu_link_color_hover":"","ocean_menu_link_color_active":"","ocean_menu_link_background":"","ocean_menu_link_hover_background":"","ocean_menu_link_active_background":"","ocean_menu_social_links_bg":"","ocean_menu_social_hover_links_bg":"","ocean_menu_social_links_color":"","ocean_menu_social_hover_links_color":"","ocean_disable_title":"default","ocean_disable_heading":"default","ocean_post_title":"","ocean_post_subheading":"","ocean_post_title_style":"","ocean_post_title_background_color":"","ocean_post_title_background":0,"ocean_post_title_bg_image_position":"","ocean_post_title_bg_image_attachment":"","ocean_post_title_bg_image_repeat":"","ocean_post_title_bg_image_size":"","ocean_post_title_height":0,"ocean_post_title_bg_overlay":0.5,"ocean_post_title_bg_overlay_color":"","ocean_disable_breadcrumbs":"default","ocean_breadcrumbs_color":"","ocean_breadcrumbs_separator_color":"","ocean_breadcrumbs_links_color":"","ocean_breadcrumbs_links_hover_color":"","ocean_display_footer_widgets":"default","ocean_display_footer_bottom":"default","ocean_custom_footer_template":"0","jetpack_post_was_ever_published":false,"footnotes":""},"class_list":["post-663","page","type-page","status-publish","hentry","entry"],"jetpack_sharing_enabled":true,"jetpack_shortlink":"https:\/\/wp.me\/PaH1Em-aH","_links":{"self":[{"href":"https:\/\/www.saxo.pl\/index.php\/wp-json\/wp\/v2\/pages\/663"}],"collection":[{"href":"https:\/\/www.saxo.pl\/index.php\/wp-json\/wp\/v2\/pages"}],"about":[{"href":"https:\/\/www.saxo.pl\/index.php\/wp-json\/wp\/v2\/types\/page"}],"author":[{"embeddable":true,"href":"https:\/\/www.saxo.pl\/index.php\/wp-json\/wp\/v2\/users\/1"}],"replies":[{"embeddable":true,"href":"https:\/\/www.saxo.pl\/index.php\/wp-json\/wp\/v2\/comments?post=663"}],"version-history":[{"count":5,"href":"https:\/\/www.saxo.pl\/index.php\/wp-json\/wp\/v2\/pages\/663\/revisions"}],"predecessor-version":[{"id":1129,"href":"https:\/\/www.saxo.pl\/index.php\/wp-json\/wp\/v2\/pages\/663\/revisions\/1129"}],"wp:attachment":[{"href":"https:\/\/www.saxo.pl\/index.php\/wp-json\/wp\/v2\/media?parent=663"}],"curies":[{"name":"wp","href":"https:\/\/api.w.org\/{rel}","templated":true}]}}