{"id":661,"date":"2019-02-10T21:46:31","date_gmt":"2019-02-10T20:46:31","guid":{"rendered":"http:\/\/www.saxo.pl\/?page_id=661"},"modified":"2020-10-01T10:38:16","modified_gmt":"2020-10-01T08:38:16","slug":"norica","status":"publish","type":"page","link":"https:\/\/www.saxo.pl\/index.php\/norica\/","title":{"rendered":"Norica"},"content":{"rendered":"<p><img loading=\"lazy\" decoding=\"async\" width=\"1019\" height=\"223\" src=\"https:\/\/www.saxo.pl\/wp-content\/uploads\/2019\/03\/norica.png\" alt=\"\" srcset=\"https:\/\/www.saxo.pl\/wp-content\/uploads\/2019\/03\/norica.png 1019w, https:\/\/www.saxo.pl\/wp-content\/uploads\/2019\/03\/norica-300x66.png 300w, https:\/\/www.saxo.pl\/wp-content\/uploads\/2019\/03\/norica-768x168.png 768w\" sizes=\"(max-width: 1019px) 100vw, 1019px\"><\/p>\n<h2>Hiszpa\u0144skie wiatr\u00f3wki<\/h2>\n<p>0<br \/>\nLat tradycji<\/p>\n<p>Tylko najlepsze marki s\u0105 w stanie przetrwa\u0107 tak d\u0142ugo aby \u015bwi\u0119towa\u0107 swoje 100-lecie. Marka&nbsp;Norica&nbsp;nie tak dawno bo w 2017 w\u0142a\u015bnie tak\u0105 rocznic\u0119 \u015bwi\u0119towa\u0142a.&nbsp;Norica&nbsp;zosta\u0142a za\u0142o\u017cona w 1917 roku w mie\u015bcie Eibar &#8211; to taka hiszpa\u0144ska presti\u017cowa kolebka przemys\u0142u zbrojeniowego &#8211; jak producent wiatr\u00f3wek. Od samego pocz\u0105tku wiatr\u00f3wki&nbsp;Norica&nbsp;to kwintesencja stylu, elegancji i przemy\u015blanego projektu. Przez te 100 lat marka&nbsp;Norica&nbsp;zdoby\u0142a uznanie na ca\u0142ym \u015bwiecie w\u015br\u00f3d zawodowc\u00f3w jak i amator\u00f3w strzelectwa.<\/p>\n<p>W swoim dorobku ma wiele presti\u017cowych nagr\u00f3d w kategorii producent\u00f3w wiatr\u00f3wek. W\u0142a\u015bnie przez niezmienno\u015b\u0107 jako\u015bci i polityki firmy wiatr\u00f3wki&nbsp;Norica&nbsp;ci\u0105gle istniej\u0105 na p\u00f3\u0142kach sklepowych&nbsp;najlepszych&nbsp;dostawc\u00f3w. Wysoka jako\u015b\u0107 i wydajno\u015b\u0107 towarzysz\u0105 firmie&nbsp;Norica&nbsp;z pokolenia na pokolenie.&nbsp;Wiatr\u00f3wki Norica&nbsp;to szeroki zakres karabink\u00f3w pneumatycznych wyprodukowanych w Hiszpanii.&nbsp;Pocz\u0105wszy od wiatr\u00f3wek dla dzieci czyli Shooter, 56 lub Thor. Dla m\u0142odzie\u017cy i kobiet, czyli u\u017cytkownik\u00f3w, kt\u00f3rzy maj\u0105 troch\u0119 wi\u0119cej si\u0142y polecane s\u0105 takie modele jak Verteks,&nbsp;Spider GRS. Dla wymagaj\u0105cych Norica proponuje Marvic 2.0 lub Dream Hunter. Wiatr\u00f3wki Norica to tak\u017ce ciekawe stylizacje &#8211; nie tylko kolby z drewna bukowego czy polimeru, to tak\u017ce kolby w ciekawych i niespotykanych kolorach jak, np. Thor GRS w kolorze niebieskim lub Thor GRS&nbsp;Supreme gdzie kolba jest z drewna bukowego barwionego na zielono. Norica stosuje te\u017c ciekawe kamufla\u017ce m. in. bardzo dobrze znany ameryka\u0144ski UCP lub RealTree Camo. Phantom GRS&nbsp;charakteryzuje si\u0119 barwieniem kolby na czarno i naniesionymi czaszkami co pokazuje, \u017ce Norica jest odwa\u017cna. Przy klasycznych liniach \u0142o\u017ca warto wspomnie\u0107 o modelu Dead Eye GRS kt\u00f3ry jest doskona\u0142ym rozwi\u0105zaniem dla fan\u00f3w nowoczesnej broni i designem przypomina wojskowy karabin wyborowy.<\/p>\n<p>Bez dw\u00f3ch zda\u0144&nbsp;to produkty dla wszystkich. Zar\u00f3wno pocz\u0105tkuj\u0105cych, ale jak i zaawansowanych, dla m\u0142odych i starszych, dla fan\u00f3w klasyki i nowoczesno\u015bci. Jednak&nbsp;to te\u017c szereg rozwi\u0105za\u0144 i innowacji autorskich. Systemy takie jak GRS czy SilentShot&nbsp;pozwalaj\u0105 na osi\u0105gni\u0119cie bardzo du\u017cej celno\u015bci i pr\u0119dko\u015bci pocz\u0105tkowych, natomiast metalowe zamki czy \u015bwiat\u0142owodowe przyrz\u0105dy celownicze zapewniaj\u0105 wiele strza\u0142\u00f3w i mn\u00f3stwo dobrej zabawy przez wiele lat.<\/p>\n<h2>Oferta detaliczna<\/h2>\n<p><a href=\"https:\/\/www.norica.pl\" role=\"button\"><br \/>\nSprawd\u017a<br \/>\n<\/a><\/p>\n<h2>Oferta hurtowa<\/h2>\n<p><a href=\"#hurtowa\" role=\"button\"><br \/>\nSprawd\u017a<br \/>\n<\/a><\/p>\n<h2>Oferta hurtowa dla firm<\/h2>\n<p style=\"text-align: center;\">Jako <strong>wy\u0142\u0105czny<\/strong> <strong>dystrybutor<\/strong> marki&nbsp;<strong>Norica<\/strong>&nbsp;<strong>w Polsce<\/strong> wychodzimy naprzeciw klientom hurtowym i opracowali\u015bmy unikatowy jak dot\u0105d system wsp\u00f3\u0142pracy z hurtowymi odbiorcami wiatr\u00f3wek i akcesori\u00f3w marki Norica. Chcemy zapewni\u0107 <strong>jak najwi\u0119kszy komfort<\/strong> zakup\u00f3w naszych produkt\u00f3w st\u0105d rozwa\u017cymy wszystkie propozycje je\u015bli mia\u0142y by przynie\u015b\u0107 obop\u00f3lne korzy\u015bci. W przypadku zakup\u00f3w hurtowych gwarantujemy <strong>system rabatowy<\/strong>, kt\u00f3ry przede wszystkim uwzgl\u0119dnia rozs\u0105dn\u0105 cen\u0119&nbsp; akceptowaln\u0105 przez rynek oraz op\u0142acalno\u015b\u0107 dalszej odsprzeda\u017cy. Nasz dzia\u0142 hurtowy do\u0142o\u017cy wszystkich stara\u0144 aby towar dotar\u0142 do odbiorcy ko\u0144cowego <strong>najszybciej<\/strong> jak to mo\u017cliwe. Przed wys\u0142aniem towar jest przez nas <strong>sprawdzany<\/strong> i starannie <strong>pakowany<\/strong>. Jednak ze wzgl\u0119du bezpiecze\u0144stwa oraz przepis\u00f3w dotycz\u0105cych przewo\u017anik\u00f3w, a tak\u017ce aby zapewni\u0107 jak najni\u017csze ceny dostawy. W przypadku jednorazowych zakup\u00f3w jednego produktu <strong>powy\u017cej 10 sztuk<\/strong> jeste\u015bmy w stanie&nbsp; renegocjowa\u0107 rabat na zakup tego produktu.<\/p>\n<h1>Co oferujemy<\/h1>\n<h3>\n\t\t\t\t\tPlatforma B2B<\/h3>\n<p>Specjalnie stworzony od podstaw sklep oferuje najnowsze rozwi\u0105zania i w pe\u0142ni zautomatyzowany system sk\u0142adania zam\u00f3wie\u0144, gdzie dost\u0119p maj\u0105 tylko zweryfikowane podmioty. Dzi\u0119ki naszemu do\u015bwiadczeniu wiemy na co nale\u017ca\u0142o zwr\u00f3ci\u0107 uwag\u0119 podczas jego projektowania.<\/p>\n<h3>\n\t\t\t\t\tIntegracja z Twoim sklepem<\/h3>\n<p>To co oferujemy klientom detalicznym ty r\u00f3wnie\u017c mo\u017cesz zaoferowa\u0107 swoim bez wydawania du\u017cej got\u00f3wki na towar. Wszystkie dane do wystawienia produkt\u00f3w w Twoim sklepie otrzymasz w liku XML. Dzi\u0119ki temu nie marnujesz powierzchni magazynowej tylko zamawiasz to co potrzebuj\u0105 Twoi klienci.<\/p>\n<h3>\n\t\t\t\t\tDropshipping<\/h3>\n<p>System zam\u00f3wie\u0144 internetowych, w kt\u00f3rym my pakujemy i wysy\u0142amy przesy\u0142k\u0119 do Twojego klienta a Ty dostajesz od nas tylko faktur\u0119. Nie tracisz czasu na wysy\u0142k\u0119 zam\u00f3wienia do pojedynczego klienta i mo\u017cesz skupi\u0107 si\u0119 na du\u017cych zleceniach. Nie przepakowujesz przesy\u0142ki czyli klient jest szybciej obs\u0142u\u017cony.<\/p>\n<h3>\n\t\t\t\t\tSerwis i gwarancja<\/h3>\n<p>Jako oficjalny dystrybutor zapewniamy serwis gwarancyjny naszym klientom na podstawie za\u0142\u0105czonych kart gwarancyjnych. Na wszystkie produkty dajemy 24 miesi\u0105ce gwarancji. \u015aci\u0105gamy na zam\u00f3wienie cz\u0119\u015bci wiatr\u00f3wek.<\/p>\n<h3>\n\t\t\t\t\tSystem rabatowy<\/h3>\n<p>System hurtowy pozwala nam dopasowa\u0107 tak rabaty i poziom cen, \u017ce dystrybutor, sprzedawca i klient s\u0105 zadowoleni. Nie stosujemy sztucznego zawy\u017cania cen przez co dajemy wysokiej jako\u015bci produkt w dobrej cenie.<\/p>\n<h3>\n\t\t\t\t\tDogodne formy p\u0142atno\u015bci<\/h3>\n<p>Paczki nadajemy zaufanymi firmami kurierskimi dzi\u0119ki czemu mo\u017cliwa jest wysy\u0142ka za pobraniem lub przedp\u0142at\u0105 pod wskazany adres w Polsce. Przy d\u0142u\u017cszej wsp\u00f3\u0142pracy nie wykluczamy odroczonego terminu p\u0142atno\u015bci<\/p>\n<h3>\n\t\t\t\t\tDobry kontakt<\/h3>\n<p>Nasi pracownicy s\u0105 dost\u0119pni 5 dni w tygodniu pod telefonem. Do dyspozycji pozostaj\u0105 r\u00f3wnie\u017c pod adresem mailowym i messengerze. Jeste\u015bmy w sta\u0142ym kontakcie z producentem i naszymi odbiorcami.<\/p>\n<p><a href=\"\">Zasady wsp\u00f3\u0142pracy<\/a><\/p>\n<p>Zasady wsp\u00f3\u0142pracy <b>z dzia\u0142em hurtowym<\/b> firmy SAXO GROUP<\/p>\n<ol>\n<li>Platforma b2b jest to miejsce do wygodnego sk\u0142adania zam\u00f3wie\u0144 hurtowych przez internet praktycznie o ka\u017cdej porze dnia.<\/li>\n<li>Z platformy mog\u0105 korzysta\u0107 jedynie firmy, kt\u00f3re przesz\u0142y proces weryfikacji oraz otrzyma\u0142y indywidualny login i has\u0142o.<\/li>\n<li>Z\u0142o\u017cone zam\u00f3wienie przesy\u0142ane jest do dzia\u0142u hurtowego, kt\u00f3ry weryfikuje zam\u00f3wienie i dopiero otrzymanie potwierdzenia oznacza poprawne z\u0142o\u017cenie zam\u00f3wienia.<\/li>\n<li>Firma Saxo Group zastrzega sobie mo\u017cliwo\u015b\u0107 dokonywania zmian w zam\u00f3wieniach oraz mo\u017cliwo\u015b\u0107 zmiany ilo\u015bci towaru w zam\u00f3wieniu na etapie pakowania w dziale wysy\u0142kowym z przyczyn niezale\u017cnych, na kt\u00f3re nie ma wp\u0142ywu. O zaistnieniu takiego faktu klient zostanie powiadomiony.<\/li>\n<li>Do ka\u017cdego zam\u00f3wienia razem z towarem pakowana jest dow\u00f3d zakupu, karty gwarancyjne oraz instrukcje obs\u0142ugi do produkt\u00f3w. W przypadku zakupu dla sklepu dowodem zakupu jest faktura vat. W sytuacji dropshippingu \u2013 klient otrzymuje paragon, a firma faktur\u0119 vat.<\/li>\n<li>Z\u0142o\u017cone zam\u00f3wienia realizowane s\u0105 <b>wed\u0142ug kolejno\u015bci<\/b> ich z\u0142o\u017cenia w ci\u0105gu <b>24 godzin<\/b>. Aby otrzyma\u0107 przesy\u0142k\u0119 dnia nast\u0119pnego nale\u017cy z\u0142o\u017cy\u0107 zam\u00f3wienie <b>przed godzin\u0105 12.00<\/b>. Staramy si\u0119 realizowa\u0107 zam\u00f3wienia jak najszybciej i w wyj\u0105tkowych sytuacjach mo\u017ce to wyd\u0142u\u017cy\u0107. O takim fakcie klient zostanie poinformowany.<\/li>\n<li>Wysy\u0142ane przesy\u0142ki s\u0105 ubezpieczone i starannie zapakowane. Dostarcza je firma InPost, a koszt takiej przesy\u0142ki to <b>15 z\u0142 brutto<\/b>. Ze wzgl\u0119du na gabaryty i specyfiki opakowa\u0144 zbiorczych firma zastrzega spos\u00f3b spakowania danego towaru w wi\u0119ksz\u0105 ilo\u015b\u0107 karton\u00f3w, przede wszystkim z powod\u00f3w obawy o towar i jego uszkodzenie w czasie transportu.<\/li>\n<li>Zam\u00f3wienie sk\u0142adane za po\u015brednictwem platformy b2b powinny by\u0107 przemy\u015blane i sk\u0142adane wed\u0142ug indywidualnych potrzeb klienta. Po przyj\u0119ciu zam\u00f3wienia do realizacji nie ma mo\u017cliwo\u015bci jego modyfikowania. <b>Nie \u0142\u0105czymy<\/b> kilku zam\u00f3wie\u0144 w jedno<b> je\u015bli mi\u0119dzy nimi min\u0119\u0142o wi\u0119cej ni\u017c 30 minut.<\/b><\/li>\n<li>Prosimy o podanie adresu dostawy i adresu rozliczeniowego. W innym przypadku zam\u00f3wienie zostanie wys\u0142ane na adres z faktury.<\/li>\n<li>Firma Saxo Group zastrzega sobie mo\u017cliwo\u015b\u0107 wycofania niekt\u00f3rych produkt\u00f3w ze sprzeda\u017cy. Jednocze\u015bnie gwarantuje pe\u0142n\u0105 ofert\u0119 marki Norica i na \u017cyczenie klienta mo\u017ce zam\u00f3wi\u0107 od producenta to czego nie ma aktualnie na stanie.<\/li>\n<li>Ceny produkt\u00f3w przedstawione na platformie s\u0105 cenami brutto, wyra\u017cone s\u0105 w polskich z\u0142otych i zawieraj\u0105 podatek VAT.<\/li>\n<li>Zam\u00f3wienia sk\u0142adane na platformie hurtowej nie mog\u0105 by\u0107 z\u0142o\u017cone na kwot\u0119 ni\u017csz\u0105 ni\u017c <b>300 z\u0142 brutto<\/b>.<\/li>\n<li>Towar zam\u00f3wiony i do kt\u00f3rego zosta\u0142a wystawiona faktura VAT nie podlega zwrotowi, chyba \u017ce wcze\u015bniej podczas sk\u0142adania zam\u00f3wienia strony ustali\u0142y indywidualne warunki. Towar zwracany powinien zosta\u0107 dostarczony do firmy <b>w stanie idealnym<\/b>, opakowanie nie mo\u017ce nosi\u0107 oznak zniszczenia a towar u\u017cytkowania. Nie przyjmujemy zwrot\u00f3w za pobraniem, nie zwracamy w takim przypadkach tak\u017ce koszt\u00f3w transportu.<\/li>\n<li>Towar wysy\u0142any do serwisu dostarczaj\u0105 Pa\u0144stwo na w\u0142asny koszt, chyba \u017ce wcze\u015bniejsze uzgodnienia w zwi\u0105zku z uszkodzeniem fabrycznym produktu lub niezgodno\u015bci\u0105 zamawianego towaru z dostarczonym zostan\u0105 przedstawione i zatwierdzone przez osob\u0119 z dzia\u0142u hurtowego.<\/li>\n<li>Firma Saxo Group zastrzega sobie mo\u017cliwo\u015b\u0107 zmiany regulaminu, zasad wsp\u00f3\u0142pracy i przyznawania rabat\u00f3w oraz cen bez podawania przyczyn.u<\/li>\n<\/ol>\n<p><a href=\"\">Rabaty<\/a><\/p>\n<p>Zasady przydzielania <b>rabat\u00f3w <\/b>na platformie b2b<\/p>\n<ol>\n<li>Rabaty na naszej platformie b2b s\u0105 dopasowane do ka\u017cdej grupy produktowej, kt\u00f3re aktualnie mamy dost\u0119pne w ofercie. Zastrzegamy sobie prawo do zmiany cen i rabatu je\u015bli zajdzie taka konieczno\u015b\u0107, np. znaczna zmiana kursu walut.<\/li>\n<li>Wysoko\u015b\u0107 rabat\u00f3w dopasowana jest do rynku i uwzgl\u0119dnia rozs\u0105dn\u0105 cen\u0119 za produkt. Mimo najwy\u017cszej jako\u015bci produktu nie <b>stosujemy zawy\u017cania cen.<\/b><\/li>\n<li>W sytuacji kiedy klient chce dokona\u0107 zakupu wi\u0119kszej ilo\u015bci jednego produktu (jednorazowe zakupy 10 szt. Jednego modelu) mo\u017cemy przydzieli\u0107 indywidualny <b>jednorazowy dodatkowy rabat.<\/b><\/li>\n<\/ol>\n<p><a href=\"\">Formy p\u0142atno\u015bci<\/a><\/p>\n<p>Formy p\u0142atno\u015bci za zam\u00f3wienia z\u0142o\u017cone w b2b firmy SAXO GROUP<\/p>\n<p>Naszym partnerom biznesowym oferujemy nast\u0119puj\u0105ce formy p\u0142atno\u015bci:<\/p>\n<p><strong>przedp\u0142ata<\/strong><br \/>\nNa pocz\u0105tku wsp\u00f3\u0142pracy pierwsze trzy zam\u00f3wienia wysy\u0142amy wy\u0142\u0105cznie t\u0105 form\u0105 p\u0142atno\u015bci aby dokona\u0107 pe\u0142nej weryfikacji kontrachenta;<\/p>\n<p><strong>pobranie \/ got\u00f3wka<\/strong><br \/>\nPo weryfikacji mo\u017cliwa jest wysy\u0142ka zam\u00f3wienia pod wskazany adres i rozliczenia za nie z kurierem firmy InPost. Rozliczenie got\u00f3wkowe mo\u017cliwe jest r\u00f3wnie\u017c przy odbiorze osobistym zam\u00f3wienia w naszym sklepie stacjonarnym;<\/p>\n<p><strong>odroczony termin p\u0142atno\u015bci<\/strong><br \/>\nTa forma p\u0142atno\u015bci jest dost\u0119pna tylko w przypadku sta\u0142ej wsp\u00f3\u0142pracy z wybranymi kontrahentami. W tym przypadku mo\u017cemy dopasowa\u0107 indywidualnie termin przelewu.<\/p>\n<h2>Masz pytania? Skontaktuj si\u0119 z nami:<\/h2>\n<p><b>Dzia\u0142 detaliczny<br \/>\n<\/b>e-mail: sklep@norica.pl<br \/>\ntel.: +48 537 747 579<\/p>\n<p><b>Dzia\u0142 hurtowy<br \/>\n<\/b>e-mail: hurt@norica.pl<br \/>\ntel.: +48 791 901 858<\/p>\n<p><b>Serwis i reklamacje<br \/>\n<\/b>e-mail: serwis@norica.pl<br \/>\ntel.: +48 537 747 579<\/p>\n<p><img loading=\"lazy\" decoding=\"async\" width=\"1024\" height=\"806\" src=\"https:\/\/www.saxo.pl\/wp-content\/uploads\/2019\/03\/Norica-logo-Centenario-fondo-negro-03-1024x806.png\" alt=\"\" srcset=\"https:\/\/www.saxo.pl\/wp-content\/uploads\/2019\/03\/Norica-logo-Centenario-fondo-negro-03-1024x806.png 1024w, https:\/\/www.saxo.pl\/wp-content\/uploads\/2019\/03\/Norica-logo-Centenario-fondo-negro-03-300x236.png 300w, https:\/\/www.saxo.pl\/wp-content\/uploads\/2019\/03\/Norica-logo-Centenario-fondo-negro-03-768x604.png 768w\" sizes=\"(max-width: 1024px) 100vw, 1024px\"><br \/>\n<a href=\"https:\/\/www.facebook.com\/NoricaPL\" target=\"_blank\" rel=\"noopener noreferrer\"><br \/>\nFacebook<br \/>\n<\/a><br \/>\n<a href=\"https:\/\/www.instagram.com\/norica_pl\/\" target=\"_blank\" rel=\"noopener noreferrer\"><br \/>\nInstagram<br \/>\n<\/a><\/p>\n","protected":false},"excerpt":{"rendered":"<p>Hiszpa\u0144skie wiatr\u00f3wki 0 Lat tradycji Tylko najlepsze marki s\u0105 w stanie przetrwa\u0107 tak d\u0142ugo aby \u015bwi\u0119towa\u0107 swoje 100-lecie. Marka&nbsp;Norica&nbsp;nie tak dawno bo w 2017 w\u0142a\u015bnie tak\u0105 rocznic\u0119 \u015bwi\u0119towa\u0142a.&nbsp;Norica&nbsp;zosta\u0142a za\u0142o\u017cona w 1917 roku w mie\u015bcie Eibar &#8211; to taka hiszpa\u0144ska presti\u017cowa kolebka przemys\u0142u zbrojeniowego &#8211; jak producent wiatr\u00f3wek. Od samego pocz\u0105tku wiatr\u00f3wki&nbsp;Norica&nbsp;to kwintesencja stylu, elegancji i [&hellip;]<\/p>\n","protected":false},"author":1,"featured_media":0,"parent":0,"menu_order":0,"comment_status":"closed","ping_status":"closed","template":"","meta":{"advanced_seo_description":"","jetpack_seo_html_title":"","jetpack_seo_noindex":false,"ocean_post_layout":"","ocean_both_sidebars_style":"","ocean_both_sidebars_content_width":0,"ocean_both_sidebars_sidebars_width":0,"ocean_sidebar":"0","ocean_second_sidebar":"0","ocean_disable_margins":"enable","ocean_add_body_class":"","ocean_shortcode_before_top_bar":"","ocean_shortcode_after_top_bar":"","ocean_shortcode_before_header":"","ocean_shortcode_after_header":"","ocean_has_shortcode":"","ocean_shortcode_after_title":"","ocean_shortcode_before_footer_widgets":"","ocean_shortcode_after_footer_widgets":"","ocean_shortcode_before_footer_bottom":"","ocean_shortcode_after_footer_bottom":"","ocean_display_top_bar":"default","ocean_display_header":"default","ocean_header_style":"","ocean_center_header_left_menu":"0","ocean_custom_header_template":"0","ocean_custom_logo":0,"ocean_custom_retina_logo":0,"ocean_custom_logo_max_width":0,"ocean_custom_logo_tablet_max_width":0,"ocean_custom_logo_mobile_max_width":0,"ocean_custom_logo_max_height":0,"ocean_custom_logo_tablet_max_height":0,"ocean_custom_logo_mobile_max_height":0,"ocean_header_custom_menu":"0","ocean_menu_typo_font_family":"0","ocean_menu_typo_font_subset":"","ocean_menu_typo_font_size":0,"ocean_menu_typo_font_size_tablet":0,"ocean_menu_typo_font_size_mobile":0,"ocean_menu_typo_font_size_unit":"px","ocean_menu_typo_font_weight":"","ocean_menu_typo_font_weight_tablet":"","ocean_menu_typo_font_weight_mobile":"","ocean_menu_typo_transform":"","ocean_menu_typo_transform_tablet":"","ocean_menu_typo_transform_mobile":"","ocean_menu_typo_line_height":0,"ocean_menu_typo_line_height_tablet":0,"ocean_menu_typo_line_height_mobile":0,"ocean_menu_typo_line_height_unit":"","ocean_menu_typo_spacing":0,"ocean_menu_typo_spacing_tablet":0,"ocean_menu_typo_spacing_mobile":0,"ocean_menu_typo_spacing_unit":"","ocean_menu_link_color":"","ocean_menu_link_color_hover":"","ocean_menu_link_color_active":"","ocean_menu_link_background":"","ocean_menu_link_hover_background":"","ocean_menu_link_active_background":"","ocean_menu_social_links_bg":"","ocean_menu_social_hover_links_bg":"","ocean_menu_social_links_color":"","ocean_menu_social_hover_links_color":"","ocean_disable_title":"default","ocean_disable_heading":"default","ocean_post_title":"","ocean_post_subheading":"","ocean_post_title_style":"","ocean_post_title_background_color":"","ocean_post_title_background":0,"ocean_post_title_bg_image_position":"","ocean_post_title_bg_image_attachment":"","ocean_post_title_bg_image_repeat":"","ocean_post_title_bg_image_size":"","ocean_post_title_height":0,"ocean_post_title_bg_overlay":0.5,"ocean_post_title_bg_overlay_color":"","ocean_disable_breadcrumbs":"default","ocean_breadcrumbs_color":"","ocean_breadcrumbs_separator_color":"","ocean_breadcrumbs_links_color":"","ocean_breadcrumbs_links_hover_color":"","ocean_display_footer_widgets":"default","ocean_display_footer_bottom":"default","ocean_custom_footer_template":"0","jetpack_post_was_ever_published":false,"footnotes":""},"class_list":["post-661","page","type-page","status-publish","hentry","entry"],"jetpack_sharing_enabled":true,"jetpack_shortlink":"https:\/\/wp.me\/PaH1Em-aF","_links":{"self":[{"href":"https:\/\/www.saxo.pl\/index.php\/wp-json\/wp\/v2\/pages\/661"}],"collection":[{"href":"https:\/\/www.saxo.pl\/index.php\/wp-json\/wp\/v2\/pages"}],"about":[{"href":"https:\/\/www.saxo.pl\/index.php\/wp-json\/wp\/v2\/types\/page"}],"author":[{"embeddable":true,"href":"https:\/\/www.saxo.pl\/index.php\/wp-json\/wp\/v2\/users\/1"}],"replies":[{"embeddable":true,"href":"https:\/\/www.saxo.pl\/index.php\/wp-json\/wp\/v2\/comments?post=661"}],"version-history":[{"count":101,"href":"https:\/\/www.saxo.pl\/index.php\/wp-json\/wp\/v2\/pages\/661\/revisions"}],"predecessor-version":[{"id":1253,"href":"https:\/\/www.saxo.pl\/index.php\/wp-json\/wp\/v2\/pages\/661\/revisions\/1253"}],"wp:attachment":[{"href":"https:\/\/www.saxo.pl\/index.php\/wp-json\/wp\/v2\/media?parent=661"}],"curies":[{"name":"wp","href":"https:\/\/api.w.org\/{rel}","templated":true}]}}