{"id":1295,"date":"2022-09-19T14:25:23","date_gmt":"2022-09-19T12:25:23","guid":{"rendered":"https:\/\/www.saxo.pl\/?page_id=1295"},"modified":"2022-09-19T14:27:18","modified_gmt":"2022-09-19T12:27:18","slug":"black-ops","status":"publish","type":"page","link":"https:\/\/www.saxo.pl\/index.php\/black-ops\/","title":{"rendered":"Black Ops"},"content":{"rendered":"<p><img decoding=\"async\" width=\"2500\" height=\"970\" src=\"https:\/\/www.saxo.pl\/wp-content\/uploads\/2022\/09\/dystrybutor-wiatrowka-karabinek-black-ops-sniper-45mm-z-luneta-4x32-1.jpg\" alt=\"dystrybutor-wiatrowka-karabinek-black-ops-sniper-45mm-z-luneta-4x32\" loading=\"lazy\" srcset=\"https:\/\/www.saxo.pl\/wp-content\/uploads\/2022\/09\/dystrybutor-wiatrowka-karabinek-black-ops-sniper-45mm-z-luneta-4x32-1.jpg 2500w, https:\/\/www.saxo.pl\/wp-content\/uploads\/2022\/09\/dystrybutor-wiatrowka-karabinek-black-ops-sniper-45mm-z-luneta-4x32-1-300x116.jpg 300w, https:\/\/www.saxo.pl\/wp-content\/uploads\/2022\/09\/dystrybutor-wiatrowka-karabinek-black-ops-sniper-45mm-z-luneta-4x32-1-1024x397.jpg 1024w, https:\/\/www.saxo.pl\/wp-content\/uploads\/2022\/09\/dystrybutor-wiatrowka-karabinek-black-ops-sniper-45mm-z-luneta-4x32-1-768x298.jpg 768w, https:\/\/www.saxo.pl\/wp-content\/uploads\/2022\/09\/dystrybutor-wiatrowka-karabinek-black-ops-sniper-45mm-z-luneta-4x32-1-1536x596.jpg 1536w, https:\/\/www.saxo.pl\/wp-content\/uploads\/2022\/09\/dystrybutor-wiatrowka-karabinek-black-ops-sniper-45mm-z-luneta-4x32-1-2048x795.jpg 2048w\" sizes=\"(max-width: 2500px) 100vw, 2500px\" \/>\t\t\t\t\t\t\t\t\t\t\t\t\t\t<\/p>\n<h2>Black Ops<\/h2>\n<h2>by BO Manufacture<\/h2>\n<p><strong>Black Ops<\/strong> znany jest r\u00f3wnie\u017c jako <strong>Black Ops Soul<\/strong> lub <strong>Black Ops Manufacture<\/strong>, co jasno daje do zrozumienia, \u017ce ich produkty mocno nawi\u0105zuj\u0105 do broni bojowej i inspirowane s\u0105 w znacznej mierze wsp\u00f3\u0142czesnymi jednostkami wojskowymi. Jest to profesjonalny sprz\u0119t strzelecki do airsoftu oraz \u0142amane, spr\u0119\u017cynowe wiatr\u00f3wki i szeroko poj\u0119te akcesoria strzeleckie &#8211; zar\u00f3wno do ASG jak i strzelectwa wiatr\u00f3wkowego. <strong>Francuski producent<\/strong> broni projektuje wszystko w ka\u017cdym detalu w La Fl\u00e8che, na p\u00f3\u0142nocy Francji. Tym samym mamy pewno\u015b\u0107, \u017ce w przesy\u0142ce otrzymujemy dobra karabin czy pistolet. Europejska my\u015bl technologiczna znacznie przewy\u017csza produkty chi\u0144skie czy tureckie. Kluczem do sukcesu marki jest r\u00f3wnie\u017c zesp\u00f3\u0142 specjalist\u00f3w, kt\u00f3rzy odpowiedzialni s\u0105 za ca\u0142y proces produkcji. A zaw\u0119\u017cona sie\u0107 dystrybucji powoduje, \u017ce wszyscy dzia\u0142aj\u0105 z korzy\u015bci\u0105 i satysfakcj\u0105 dla klienta. Tylko najlepsze sklepy maj\u0105 w ofercie mark\u0119 Black Ops.<\/p>\n<p>Wojskowe karabinki wiatr\u00f3wkowe producenta B.O. zawsze wykonane s\u0105 tak, aby spe\u0142nia\u0142y oczekiwania grupy docelowej. Tak wi\u0119c w przypadku wiatr\u00f3wki <strong>Quantico<\/strong> lufa jest kr\u00f3tsza, wiatr\u00f3wka l\u017cejsza i nie ma mocnego odrzutu. Ten model polecany jest dla m\u0142odszych strzelc\u00f3w i kobiet. <strong>Wiatr\u00f3wka Pendleton<\/strong> \u015bwietnie sprawdza si\u0119 na d\u0142u\u017cszych dystansach dlatego zalecamy strzela\u0107 z niej z za\u0142o\u017con\u0105 lunet\u0105, do cel\u00f3w 20-25 metr\u00f3w. Ciekawostk\u0105 jest, \u017ce testuj\u0105c \u015brut typu High speed, uda\u0142o si\u0119 uzyska\u0107 pr\u0119dko\u015b\u0107 pocz\u0105tkow\u0105 wi\u0119ksz\u0105 ni\u017c 250 m\/s. Du\u017ca, ci\u0119\u017cka i bardzo celna wiatr\u00f3wka <a href=\"https:\/\/www.norica.pl\/wiatrowka-karabin-black-ops-sniper-power-piston-45mm-luneta-4x32\">Black Ops Sniper<\/a> dedykowana jest przede wszystkim wprawionym strzelcom i mo\u017cna pokusi\u0107 si\u0119 o celowanie na odleg\u0142o\u015bci 50 metr\u00f3w. Jest to najlepszy karabinek marki Black Ops i totalny <strong>bestseller<\/strong>.<\/p>\n<p><strong>Pistolety wiatr\u00f3wkowe<\/strong> to przede wszystkim \u0142amane pistolety spr\u0119\u017cynowe na \u015brut o\u0142owiany typu diabolo. <strong>Black Ops Langley<\/strong>, bo o nim mowa wyst\u0119puje w kilku wersjach. Pierwsza to pistolet z t\u0142umikiem &#8211; dosy\u0107 ci\u0119\u017cki pistolet, kt\u00f3ry pozwala wytrenowa\u0107 r\u0119k\u0119 strzelca. Z kolei <strong><a href=\"https:\/\/www.norica.pl\/wiatrowka-pistolet-black-ops-langley-prosniper-45mm\">Pro Sniper<\/a><\/strong> to wersja z demontowan\u0105 kolb\u0105. Nowo\u015bci\u0105 s\u0105 rewolwery zasilane co2 w kolaboracji z mark\u0105 <strong>Chiappa<\/strong>. Rewolwery te znane s\u0105 z oryginalnej i opatentowanej konstrukcji, gdzie lufa umieszczona jest ni\u017cej i pocisk zostaje wystrzelony z do\u0142u b\u0119benka. W efekcie tego zniwelowano bardzo mocny odrzut, charakterystyczne w tym rodzaju broni.<\/p>\n<h2>Wiatr\u00f3wki Black Ops<\/h2>\n<h2>W Najlepszych Sklepach<\/h2>\n<figure><a href=\"https:\/\/www.zbrojownia.pl\/black-ops\"><img decoding=\"async\" width=\"290\" height=\"171\" src=\"https:\/\/www.saxo.pl\/wp-content\/uploads\/2022\/09\/zbrojownia-logo-sklep-z-wiatrowkami-black-ops-04.jpg\" alt=\"zbrojownia-logo-sklep-z-wiatrowkami-black-ops-04\" loading=\"lazy\" \/><\/a><\/figure>\n<h3><a href=\"https:\/\/www.zbrojownia.pl\/black-ops\">Zbrojownia.pl<\/a><\/h3>\n<figure><a href=\"https:\/\/www.norica.pl\/wiatrowki-karabinki?filtr=10000,4&#038;\"><img decoding=\"async\" width=\"290\" height=\"171\" src=\"https:\/\/www.saxo.pl\/wp-content\/uploads\/2022\/09\/norica-logo-sklep-z-wiatrowkami-black-ops-05.jpg\" alt=\"\" loading=\"lazy\" \/><\/a><\/figure>\n<h3><a href=\"https:\/\/www.norica.pl\/wiatrowki-karabinki?filtr=10000,4&#038;\">Norica.pl<\/a><\/h3>\n<figure><a href=\"https:\/\/allegro.pl\/uzytkownik\/Zbrojownia_pl?string=black%20ops\"><img decoding=\"async\" width=\"290\" height=\"171\" src=\"https:\/\/www.saxo.pl\/wp-content\/uploads\/2022\/09\/allegro-logo-sklep-z-wiatrowkami-black-ops-01.jpg\" alt=\"\" loading=\"lazy\" \/><\/a><\/figure>\n<h3><a href=\"https:\/\/allegro.pl\/uzytkownik\/Zbrojownia_pl?string=black%20ops\">Allegro.pl<\/a><\/h3>\n<figure><a href=\"https:\/\/www.ceneo.pl\/37171495#tab=reviews\"><img decoding=\"async\" width=\"290\" height=\"171\" src=\"https:\/\/www.saxo.pl\/wp-content\/uploads\/2022\/09\/ceneo-logo-sklep-z-wiatrowkami-black-ops-02.jpg\" alt=\"ceneo-logo-sklep-z-wiatrowkami-black-ops-02\" loading=\"lazy\" \/><\/a><\/figure>\n<h3><a href=\"https:\/\/www.ceneo.pl\/37171495#tab=reviews\">Ceneo.pl<\/a><\/h3>\n<h2>Oferta Hurtowa<\/h2>\n<h2>Dla sklep\u00f3w<\/h2>\n<h3>\n\t\t\t\t\t\tPlatforma B2B<br \/>\n\t\t\t\t<\/h3>\n<p>\n\t\t\t\t\t\tSpecjalnie stworzony od podstaw sklep oferuje najnowsze rozwi\u0105zania i w pe\u0142ni zautomatyzowany system sk\u0142adania zam\u00f3wie\u0144, gdzie dost\u0119p maj\u0105 tylko zweryfikowane podmioty. Dzi\u0119ki naszemu do\u015bwiadczeniu wiemy na co nale\u017ca\u0142o zwr\u00f3ci\u0107 uwag\u0119 podczas jego projektowania.\t\t\t\t\t<\/p>\n<h3>\n\t\t\t\t\t\tIntegracja z Twoim sklepem<br \/>\n\t\t\t\t<\/h3>\n<p>\n\t\t\t\t\t\tTo co oferujemy klientom detalicznym ty r\u00f3wnie\u017c mo\u017cesz zaoferowa\u0107 swoim bez wydawania du\u017cej got\u00f3wki na towar. Wszystkie dane do wystawienia produkt\u00f3w w Twoim sklepie otrzymasz w liku XML. Dzi\u0119ki temu nie marnujesz powierzchni magazynowej tylko zamawiasz to co potrzebuj\u0105 Twoi klienci.\t\t\t\t\t<\/p>\n<h3>\n\t\t\t\t\t\tDropshipping<br \/>\n\t\t\t\t<\/h3>\n<p>\n\t\t\t\t\t\tSystem zam\u00f3wie\u0144 internetowych, w kt\u00f3rym my pakujemy i wysy\u0142amy przesy\u0142k\u0119 do Twojego klienta. Ty dostajesz od nas tylko faktur\u0119. Nie tracisz czasu na wysy\u0142k\u0119 do pojedynczego klienta i mo\u017cesz skupi\u0107 si\u0119 na du\u017cych zleceniach. Skracasz \u0142a\u0144cuch dostaw, czyli klient jest szybciej obs\u0142u\u017cony.\t\t\t\t\t<\/p>\n<h3>\n\t\t\t\t\t\tSerwis i gwarancja<br \/>\n\t\t\t\t<\/h3>\n<p>\n\t\t\t\t\t\tJako oficjalny dystrybutor zapewniamy serwis gwarancyjny naszym klientom na podstawie za\u0142\u0105czonych kart gwarancyjnych. Na wszystkie produkty dajemy 24 miesi\u0105ce gwarancji. \u015aci\u0105gamy na zam\u00f3wienie cz\u0119\u015bci wiatr\u00f3wek.\t\t\t\t\t<\/p>\n<h3>\n\t\t\t\t\t\tSystem rabatowy<br \/>\n\t\t\t\t<\/h3>\n<p>\n\t\t\t\t\t\tSystem hurtowy pozwala nam dopasowa\u0107 tak rabaty i poziom cen, \u017ce dystrybutor, sprzedawca i klient s\u0105 zadowoleni. Nie stosujemy sztucznego zawy\u017cania cen przez co dajemy wysokiej jako\u015bci produkt w dobrej cenie.\t\t\t\t\t<\/p>\n<h3>\n\t\t\t\t\t\tDogodne formy p\u0142atno\u015bci<br \/>\n\t\t\t\t<\/h3>\n<p>\n\t\t\t\t\t\tPaczki nadajemy firmami kurierskimi, dzi\u0119ki czemu mo\u017cliwa jest wysy\u0142ka za pobraniem lub przedp\u0142at\u0105 na adres w Polsce. Przy d\u0142u\u017cszej wsp\u00f3\u0142pracy nie wykluczamy odroczonego terminu p\u0142atno\u015bci.\t\t\t\t\t<\/p>\n<h3>\n\t\t\t\t\t\tDobry kontakt<br \/>\n\t\t\t\t<\/h3>\n<p>\n\t\t\t\t\t\tNasi pracownicy s\u0105 dost\u0119pni 5 dni w tygodniu pod telefonem. Do dyspozycji pozostaj\u0105 r\u00f3wnie\u017c pod adresem mailowym i messengerze. Jeste\u015bmy w sta\u0142ym kontakcie z producentem i naszymi odbiorcami.\t\t\t\t\t<\/p>\n<p>\t\t\t\t\t\t\t\t\t\t\t\t<a href=\"\">Zasady wsp\u00f3\u0142pracy<\/a><\/p>\n<p>Zasady wsp\u00f3\u0142pracy <b>z dzia\u0142em hurtowym<\/b> firmy SAXO GROUP<\/p>\n<ol>\n<li>Platforma b2b jest to miejsce do wygodnego sk\u0142adania zam\u00f3wie\u0144 hurtowych przez internet praktycznie o ka\u017cdej porze dnia.<\/li>\n<li>Z platformy mog\u0105 korzysta\u0107 jedynie firmy, kt\u00f3re przesz\u0142y proces weryfikacji oraz otrzyma\u0142y indywidualny login i has\u0142o.<\/li>\n<li>Z\u0142o\u017cone zam\u00f3wienie przesy\u0142ane jest do dzia\u0142u hurtowego, kt\u00f3ry weryfikuje zam\u00f3wienie i dopiero otrzymanie potwierdzenia oznacza poprawne z\u0142o\u017cenie zam\u00f3wienia.<\/li>\n<li>Firma Saxo Group zastrzega sobie mo\u017cliwo\u015b\u0107 dokonywania zmian w zam\u00f3wieniach oraz mo\u017cliwo\u015b\u0107 zmiany ilo\u015bci towaru w zam\u00f3wieniu na etapie pakowania w dziale wysy\u0142kowym z przyczyn niezale\u017cnych, na kt\u00f3re nie ma wp\u0142ywu. O zaistnieniu takiego faktu klient zostanie powiadomiony.<\/li>\n<li>Do ka\u017cdego zam\u00f3wienia razem z towarem pakowana jest dow\u00f3d zakupu, karty gwarancyjne oraz instrukcje obs\u0142ugi do produkt\u00f3w. W przypadku zakupu dla sklepu dowodem zakupu jest faktura vat. W sytuacji dropshippingu \u2013 klient otrzymuje paragon, a firma faktur\u0119 vat.<\/li>\n<li>Z\u0142o\u017cone zam\u00f3wienia realizowane s\u0105 <b>wed\u0142ug kolejno\u015bci<\/b> ich z\u0142o\u017cenia w ci\u0105gu <b>24 godzin<\/b>. Aby otrzyma\u0107 przesy\u0142k\u0119 dnia nast\u0119pnego nale\u017cy z\u0142o\u017cy\u0107 zam\u00f3wienie <b>przed godzin\u0105 12.00<\/b>. Staramy si\u0119 realizowa\u0107 zam\u00f3wienia jak najszybciej i w wyj\u0105tkowych sytuacjach mo\u017ce to wyd\u0142u\u017cy\u0107. O takim fakcie klient zostanie poinformowany.<\/li>\n<li>Wysy\u0142ane przesy\u0142ki s\u0105 ubezpieczone i starannie zapakowane. Dostarcza je firma GLS, a koszt takiej przesy\u0142ki to <b>15 z\u0142 brutto<\/b>. Ze wzgl\u0119du na gabaryty i specyfiki opakowa\u0144 zbiorczych firma zastrzega spos\u00f3b spakowania danego towaru w wi\u0119ksz\u0105 ilo\u015b\u0107 karton\u00f3w, przede wszystkim z powod\u00f3w obawy o towar i jego uszkodzenie w czasie transportu.<\/li>\n<li>Zam\u00f3wienie sk\u0142adane za po\u015brednictwem platformy b2b powinny by\u0107 przemy\u015blane i sk\u0142adane wed\u0142ug indywidualnych potrzeb klienta. Po przyj\u0119ciu zam\u00f3wienia do realizacji nie ma mo\u017cliwo\u015bci jego modyfikowania. <b>Nie \u0142\u0105czymy<\/b> kilku zam\u00f3wie\u0144 w jedno<b> je\u015bli mi\u0119dzy nimi min\u0119\u0142o wi\u0119cej ni\u017c 30 minut.<\/b><\/li>\n<li>Prosimy o podanie adresu dostawy i adresu rozliczeniowego. W innym przypadku zam\u00f3wienie zostanie wys\u0142ane na adres z faktury.<\/li>\n<li>Firma Saxo Group zastrzega sobie mo\u017cliwo\u015b\u0107 wycofania niekt\u00f3rych produkt\u00f3w ze sprzeda\u017cy. Jednocze\u015bnie gwarantuje pe\u0142n\u0105 ofert\u0119 marki Norica i na \u017cyczenie klienta mo\u017ce zam\u00f3wi\u0107 od producenta to, czego nie ma aktualnie na stanie.<\/li>\n<li>Ceny produkt\u00f3w przedstawione na platformie s\u0105 cenami brutto, wyra\u017cone s\u0105 w polskich z\u0142otych i zawieraj\u0105 podatek VAT.<\/li>\n<li>Zam\u00f3wienia sk\u0142adane na platformie hurtowej nie mog\u0105 by\u0107 z\u0142o\u017cone na kwot\u0119 ni\u017csz\u0105 ni\u017c <b>300 z\u0142 brutto<\/b>.<\/li>\n<li>Towar zam\u00f3wiony i do kt\u00f3rego zosta\u0142a wystawiona faktura VAT nie podlega zwrotowi, chyba \u017ce wcze\u015bniej podczas sk\u0142adania zam\u00f3wienia strony ustali\u0142y indywidualne warunki. Towar zwracany powinien zosta\u0107 dostarczony do firmy <b>w stanie idealnym<\/b>, opakowanie nie mo\u017ce nosi\u0107 oznak zniszczenia a towar u\u017cytkowania. Nie przyjmujemy zwrot\u00f3w za pobraniem, nie zwracamy w takim przypadkach tak\u017ce koszt\u00f3w transportu.<\/li>\n<li>Towar wysy\u0142any do serwisu dostarczaj\u0105 Pa\u0144stwo na w\u0142asny koszt, chyba \u017ce wcze\u015bniejsze uzgodnienia w zwi\u0105zku z uszkodzeniem fabrycznym produktu lub niezgodno\u015bci\u0105 zamawianego towaru z dostarczonym zostan\u0105 przedstawione i zatwierdzone przez osob\u0119 z dzia\u0142u hurtowego.<\/li>\n<li>Firma Saxo Group zastrzega sobie mo\u017cliwo\u015b\u0107 zmiany regulaminu, zasad wsp\u00f3\u0142pracy i przyznawania rabat\u00f3w oraz cen bez podawania przyczyn.u<\/li>\n<\/ol>\n<p>\t\t\t\t\t\t\t\t\t\t\t\t<a href=\"\">Rabaty<\/a><\/p>\n<p>Zasady przydzielania <b>rabat\u00f3w <\/b>na platformie b2b<\/p>\n<ol>\n<li>Rabaty na naszej platformie b2b s\u0105 dopasowane do ka\u017cdej grupy produktowej, kt\u00f3re aktualnie mamy dost\u0119pne w ofercie. Zastrzegamy sobie prawo do zmiany cen i rabatu je\u015bli zajdzie taka konieczno\u015b\u0107, np. znaczna zmiana kursu walut.<\/li>\n<li>Wysoko\u015b\u0107 rabat\u00f3w dopasowana jest do rynku i uwzgl\u0119dnia rozs\u0105dn\u0105 cen\u0119 za produkt. Mimo najwy\u017cszej jako\u015bci produktu nie <b>stosujemy zawy\u017cania cen.<\/b><\/li>\n<li>W sytuacji kiedy klient chce dokona\u0107 zakupu wi\u0119kszej ilo\u015bci jednego produktu (jednorazowe zakupy 10 szt. jednego modelu) mo\u017cemy przydzieli\u0107 indywidualny <b>jednorazowy dodatkowy rabat.<\/b><\/li>\n<\/ol>\n<p>\t\t\t\t\t\t\t\t\t\t\t\t<a href=\"\">Formy p\u0142atno\u015bci<\/a><\/p>\n<p>Formy p\u0142atno\u015bci za zam\u00f3wienia z\u0142o\u017cone w b2b firmy SAXO GROUP<\/p>\n<p>Naszym partnerom biznesowym oferujemy nast\u0119puj\u0105ce formy p\u0142atno\u015bci:<\/p>\n<p><strong>przedp\u0142ata<\/strong><br \/>Na pocz\u0105tku wsp\u00f3\u0142pracy pierwsze trzy zam\u00f3wienia wysy\u0142amy wy\u0142\u0105cznie t\u0105 form\u0105 p\u0142atno\u015bci, aby dokona\u0107 pe\u0142nej weryfikacji kontrahenta;<\/p>\n<p><strong>pobranie \/ got\u00f3wka<\/strong><br \/>Po weryfikacji mo\u017cliwa jest wysy\u0142ka zam\u00f3wienia pod wskazany adres i rozliczenia za nie z kurierem. Rozliczenie got\u00f3wkowe mo\u017cliwe jest r\u00f3wnie\u017c przy odbiorze osobistym zam\u00f3wienia w naszym sklepie stacjonarnym;<\/p>\n<p><strong>odroczony termin p\u0142atno\u015bci<\/strong><br \/>Ta forma p\u0142atno\u015bci jest dost\u0119pna tylko w przypadku sta\u0142ej wsp\u00f3\u0142pracy z wybranymi kontrahentami. W tym przypadku mo\u017cemy dopasowa\u0107 indywidualnie termin przelewu.<\/p>\n<h2>Masz pytania? Skontaktuj si\u0119 z nami:<\/h2>\n<p><b>Dzia\u0142 detaliczny<br \/><\/b>e-mail: sklep@norica.pl<br \/>tel.: +48 537 747 579<\/p>\n<p><b>Dzia\u0142 hurtowy<br \/><\/b>e-mail: hurt@norica.pl<br \/>tel.: +48 791 901 858<\/p>\n<p><b>Serwis i reklamacje<br \/><\/b>e-mail: serwis@norica.pl<br \/>tel.: +48 537 747 579<\/p>\n<p>\t\t\t\t\t\t\t\t\t\t\t\t<img decoding=\"async\" width=\"1024\" height=\"806\" src=\"https:\/\/www.saxo.pl\/wp-content\/uploads\/2019\/03\/Norica-logo-Centenario-fondo-negro-03-1024x806.png\" alt=\"\" loading=\"lazy\" srcset=\"https:\/\/www.saxo.pl\/wp-content\/uploads\/2019\/03\/Norica-logo-Centenario-fondo-negro-03-1024x806.png 1024w, https:\/\/www.saxo.pl\/wp-content\/uploads\/2019\/03\/Norica-logo-Centenario-fondo-negro-03-300x236.png 300w, https:\/\/www.saxo.pl\/wp-content\/uploads\/2019\/03\/Norica-logo-Centenario-fondo-negro-03-768x604.png 768w, https:\/\/www.saxo.pl\/wp-content\/uploads\/2019\/03\/Norica-logo-Centenario-fondo-negro-03.png 2007w\" sizes=\"(max-width: 1024px) 100vw, 1024px\" \/><br \/>\n\t\t\t\t\t<a href=\"https:\/\/www.facebook.com\/NoricaPL\" target=\"_blank\" rel=\"noopener\"><br \/>\n\t\t\t\t\t\tFacebook<br \/>\n\t\t\t\t\t\t\t\t\t\t\t<\/a><br \/>\n\t\t\t\t\t<a href=\"https:\/\/www.instagram.com\/norica_pl\/\" target=\"_blank\" rel=\"noopener\"><br \/>\n\t\t\t\t\t\tInstagram<br \/>\n\t\t\t\t\t\t\t\t\t\t\t<\/a><\/p>\n","protected":false},"excerpt":{"rendered":"<p>Black Ops by BO Manufacture Black Ops znany jest r\u00f3wnie\u017c jako Black Ops Soul lub Black Ops Manufacture, co jasno daje do zrozumienia, \u017ce ich produkty mocno nawi\u0105zuj\u0105 do broni bojowej i inspirowane s\u0105 w znacznej mierze wsp\u00f3\u0142czesnymi jednostkami wojskowymi. Jest to profesjonalny sprz\u0119t strzelecki do airsoftu oraz \u0142amane, spr\u0119\u017cynowe wiatr\u00f3wki i szeroko poj\u0119te akcesoria [&hellip;]<\/p>\n","protected":false},"author":1,"featured_media":0,"parent":0,"menu_order":0,"comment_status":"closed","ping_status":"closed","template":"","meta":{"advanced_seo_description":"","jetpack_seo_html_title":"","jetpack_seo_noindex":false,"ocean_post_layout":"","ocean_both_sidebars_style":"","ocean_both_sidebars_content_width":0,"ocean_both_sidebars_sidebars_width":0,"ocean_sidebar":"0","ocean_second_sidebar":"0","ocean_disable_margins":"enable","ocean_add_body_class":"","ocean_shortcode_before_top_bar":"","ocean_shortcode_after_top_bar":"","ocean_shortcode_before_header":"","ocean_shortcode_after_header":"","ocean_has_shortcode":"","ocean_shortcode_after_title":"","ocean_shortcode_before_footer_widgets":"","ocean_shortcode_after_footer_widgets":"","ocean_shortcode_before_footer_bottom":"","ocean_shortcode_after_footer_bottom":"","ocean_display_top_bar":"default","ocean_display_header":"default","ocean_header_style":"","ocean_center_header_left_menu":"0","ocean_custom_header_template":"0","ocean_custom_logo":0,"ocean_custom_retina_logo":0,"ocean_custom_logo_max_width":0,"ocean_custom_logo_tablet_max_width":0,"ocean_custom_logo_mobile_max_width":0,"ocean_custom_logo_max_height":0,"ocean_custom_logo_tablet_max_height":0,"ocean_custom_logo_mobile_max_height":0,"ocean_header_custom_menu":"0","ocean_menu_typo_font_family":"0","ocean_menu_typo_font_subset":"","ocean_menu_typo_font_size":0,"ocean_menu_typo_font_size_tablet":0,"ocean_menu_typo_font_size_mobile":0,"ocean_menu_typo_font_size_unit":"px","ocean_menu_typo_font_weight":"","ocean_menu_typo_font_weight_tablet":"","ocean_menu_typo_font_weight_mobile":"","ocean_menu_typo_transform":"","ocean_menu_typo_transform_tablet":"","ocean_menu_typo_transform_mobile":"","ocean_menu_typo_line_height":0,"ocean_menu_typo_line_height_tablet":0,"ocean_menu_typo_line_height_mobile":0,"ocean_menu_typo_line_height_unit":"","ocean_menu_typo_spacing":0,"ocean_menu_typo_spacing_tablet":0,"ocean_menu_typo_spacing_mobile":0,"ocean_menu_typo_spacing_unit":"","ocean_menu_link_color":"","ocean_menu_link_color_hover":"","ocean_menu_link_color_active":"","ocean_menu_link_background":"","ocean_menu_link_hover_background":"","ocean_menu_link_active_background":"","ocean_menu_social_links_bg":"","ocean_menu_social_hover_links_bg":"","ocean_menu_social_links_color":"","ocean_menu_social_hover_links_color":"","ocean_disable_title":"default","ocean_disable_heading":"default","ocean_post_title":"","ocean_post_subheading":"","ocean_post_title_style":"","ocean_post_title_background_color":"","ocean_post_title_background":0,"ocean_post_title_bg_image_position":"","ocean_post_title_bg_image_attachment":"","ocean_post_title_bg_image_repeat":"","ocean_post_title_bg_image_size":"","ocean_post_title_height":0,"ocean_post_title_bg_overlay":0.5,"ocean_post_title_bg_overlay_color":"","ocean_disable_breadcrumbs":"default","ocean_breadcrumbs_color":"","ocean_breadcrumbs_separator_color":"","ocean_breadcrumbs_links_color":"","ocean_breadcrumbs_links_hover_color":"","ocean_display_footer_widgets":"default","ocean_display_footer_bottom":"default","ocean_custom_footer_template":"0","jetpack_post_was_ever_published":false,"footnotes":""},"class_list":["post-1295","page","type-page","status-publish","hentry","entry"],"jetpack_sharing_enabled":true,"jetpack_shortlink":"https:\/\/wp.me\/PaH1Em-kT","_links":{"self":[{"href":"https:\/\/www.saxo.pl\/index.php\/wp-json\/wp\/v2\/pages\/1295"}],"collection":[{"href":"https:\/\/www.saxo.pl\/index.php\/wp-json\/wp\/v2\/pages"}],"about":[{"href":"https:\/\/www.saxo.pl\/index.php\/wp-json\/wp\/v2\/types\/page"}],"author":[{"embeddable":true,"href":"https:\/\/www.saxo.pl\/index.php\/wp-json\/wp\/v2\/users\/1"}],"replies":[{"embeddable":true,"href":"https:\/\/www.saxo.pl\/index.php\/wp-json\/wp\/v2\/comments?post=1295"}],"version-history":[{"count":106,"href":"https:\/\/www.saxo.pl\/index.php\/wp-json\/wp\/v2\/pages\/1295\/revisions"}],"predecessor-version":[{"id":1408,"href":"https:\/\/www.saxo.pl\/index.php\/wp-json\/wp\/v2\/pages\/1295\/revisions\/1408"}],"wp:attachment":[{"href":"https:\/\/www.saxo.pl\/index.php\/wp-json\/wp\/v2\/media?parent=1295"}],"curies":[{"name":"wp","href":"https:\/\/api.w.org\/{rel}","templated":true}]}}