{"id":1165,"date":"2020-04-23T15:06:18","date_gmt":"2020-04-23T13:06:18","guid":{"rendered":"https:\/\/www.saxo.pl\/?page_id=1165"},"modified":"2020-10-05T09:32:51","modified_gmt":"2020-10-05T07:32:51","slug":"maski-i-dezynfekcja","status":"publish","type":"page","link":"https:\/\/www.saxo.pl\/index.php\/maski-i-dezynfekcja\/","title":{"rendered":"Maski i dezynfekcja"},"content":{"rendered":"<p><img decoding=\"async\" width=\"1024\" height=\"419\" src=\"https:\/\/www.saxo.pl\/wp-content\/uploads\/2020\/04\/sposoby-na-ochrone-zdrowia-i-bezpieczenstwa-przed-koronawirusem-dla-firm-1024x419.jpg\" alt=\"maski ochronne z filtrami i zele do dezynfekcji\" loading=\"lazy\" srcset=\"https:\/\/www.saxo.pl\/wp-content\/uploads\/2020\/04\/sposoby-na-ochrone-zdrowia-i-bezpieczenstwa-przed-koronawirusem-dla-firm-1024x419.jpg 1024w, https:\/\/www.saxo.pl\/wp-content\/uploads\/2020\/04\/sposoby-na-ochrone-zdrowia-i-bezpieczenstwa-przed-koronawirusem-dla-firm-300x123.jpg 300w, https:\/\/www.saxo.pl\/wp-content\/uploads\/2020\/04\/sposoby-na-ochrone-zdrowia-i-bezpieczenstwa-przed-koronawirusem-dla-firm-768x314.jpg 768w, https:\/\/www.saxo.pl\/wp-content\/uploads\/2020\/04\/sposoby-na-ochrone-zdrowia-i-bezpieczenstwa-przed-koronawirusem-dla-firm.jpg 1083w\" sizes=\"(max-width: 1024px) 100vw, 1024px\" \/>\t\t\t\t\t\t\t\t\t\t\t<\/p>\n<h2>Posiadamy p\u0142yny do dezynfekcji i maski ochronne<\/h2>\n<p>Firma Saxo Group sp. z o.o. sp.k. wprowadzi\u0142a do oferty swoich sklep\u00f3w produkty z kategorii ochrony osobistej. W czasach pandemii koronawirusa zauwa\u017cyli\u015bmy jak trudno zakupi\u0107 \u017cel do dezynfekcji d\u0142oni lub najzwyklejsz\u0105 mask\u0119 ochronn\u0105. Sklepy budowlane gdzie maska przeciwpy\u0142owa by\u0142a standardem \u015bwiec\u0105 pustymi p\u00f3\u0142kami. Drogerie i dzia\u0142y z kosmetykami odnotowa\u0142y wzrost zapotrzebowania na \u015brodki do dezynfekcji i mycia d\u0142oni. W sklepach internetowych mo\u017cna zauwa\u017cy\u0107, \u017ce r\u00f3wnie\u017c zaczyna brakowa\u0107 tych materia\u0142\u00f3w. Ludzie zaspokajaj\u0105 swoje potrzeby, a nieuczciwi dostawcy zaczynaj\u0105 sztucznie zawy\u017ca\u0107 ceny. Wprowadzone rozporz\u0105dzenie o tym, \u017ce pracodawca musi zapewni\u0107 pracownikom \u015brodki do dezynfekcji oraz maski ochronne zdecydowanie nie polepszy\u0142o sytuacji. Wr\u0119cz przeciwnie. Wiele firm zosta\u0142o na lodzie i pod przymusem kar, musi kupowa\u0107 p\u0142yny antybakteryjne po znacznie podwy\u017cszonych cenach. Jako \u015bwiadomy pracodawca firma Saxo Group sp. z o.o. sp.k. stosuje si\u0119 do wszystkich wytycznych. Wiemy jak trudno znale\u017a\u0107 dobry produkt w normalnej cenie. Dlatego postanowili\u015bmy skorzysta\u0107 ze swojej sieci kontakt\u00f3w i dzi\u0119ki ugruntowanej pozycji w \u015bwiecie handlu, a tak\u017ce uporowi naszego dzia\u0142u zaopatrzenia, zacz\u0119li\u015bmy wsp\u00f3\u0142prac\u0119 z producentami p\u0142yn\u00f3w do dezynfekcji i \u017celi do r\u0105k. W mi\u0119dzyczasie nawi\u0105zali\u015bmy wsp\u00f3\u0142prac\u0119 z producentem masek ochronnych.<\/p>\n<p>Zawsze podkre\u015blamy, \u017ce wspieranie lokalnej gospodarki i polskich przedsi\u0119biorc\u00f3w jest dla nas istotne, dlatego oferujemy wysokiej jako\u015bci produkty z Polski. Wszystkie nasze p\u0142yny dezynfekuj\u0105ce s\u0105 przebadane przez Polskie instytucje i posiadaj\u0105 stosowne dokumenty potwierdzaj\u0105ce skuteczno\u015b\u0107. Natomiast producenci masek wielokrotnego u\u017cytku, z kt\u00f3rymi wsp\u00f3\u0142pracujemy zapewniaj\u0105, \u017ce materia\u0142y do ich produkcji pochodz\u0105 r\u00f3wnie\u017c z naszego kraju. Maski z filtrami, z naszej oferty posiadaj\u0105 odpowiednie certyfikaty i dopuszczone s\u0105 do obrotu na terenie Unii Europejskiej.<\/p>\n<h3>\n\t\t\t\t\tWysoka jako\u015b\u0107<br \/>\n\t\t\t\t<\/h3>\n<p>proponujemy tylko produkty, kt\u00f3re spe\u0142ni\u0105 wszystkie oczekiwania naszych klient\u00f3w i zapewniaj\u0105 bezwzgl\u0119dne bezpiecze\u0144stwo<\/p>\n<h3>\n\t\t\t\t\tWspieramy naszych<br \/>\n\t\t\t\t<\/h3>\n<p>wybieramy w pierwszej kolejno\u015bci najlepsze polskie marki o dobrej renomie i z d\u0142ugoletnim do\u015bwiadczeniem w swojej bran\u017cy<\/p>\n<h3>\n\t\t\t\t\tDu\u017ca dost\u0119pno\u015b\u0107<br \/>\n\t\t\t\t<\/h3>\n<p>wszystko mamy u siebie, na swoim magazynie przez co wysy\u0142ka odbywa si\u0119 natychmiastowo, a dostawa dociera nast\u0119pnego dnia<\/p>\n<h3>\n\t\t\t\t\tCi\u0105g\u0142o\u015b\u0107 dostaw<br \/>\n\t\t\t\t<\/h3>\n<p>nastawiamy si\u0119 na d\u0142ugofalow\u0105 wsp\u00f3\u0142prac\u0119, dlatego mo\u017cemy zrealizowa\u0107 ka\u017cde, nawet najwi\u0119ksze zam\u00f3wienie naszych produkt\u00f3w<\/p>\n<h2>Oferta \u017celi i masek dla firm<\/h2>\n<p>Przedstawiamy nasze wybrane grupy produktowe s\u0142u\u017c\u0105ce ochronie zdrowia i bezpiecze\u0144stwa. Produkty te pomagaj\u0105 w odpowiednim zabezpieczeniu si\u0119 przed chorobami, wirusami.\u00a0 W przypadku masek zapewniaj\u0105 ochron\u0119 przed py\u0142ami, zanieczyszczeniami powietrza, a nawet smogiem.<\/p>\n<h2>P\u0142yn dezynfekuj\u0105cy do r\u0105k 70% alkoholu<\/h2>\n<p>Gotowy do u\u017cycia alkoholowy preparat, przeznaczony do higienicznej dezynfekcji r\u0105k. Przeznaczony do profesjonalnego oraz powszechnego stosowania.\u00a0P\u0142yn dezynfekuj\u0105cy doskonale sprawdzi si\u0119 do odka\u017cania r\u0105k oraz wszelkiego rodzaju powierzchni. Zawarta w produkcie gliceryna zapobiega przed nadmiernym przesuszeniem sk\u00f3ry.<\/p>\n<h2>Przeznaczony do stosowania w<\/h2>\n<ul>\n<li >\n\t\t\t\t\t\t\t\t\t\tzak\u0142ady produkcyjne,\n\t\t\t\t\t\t\t\t\t<\/li>\n<li >\n\t\t\t\t\t\t\t\t\t\tkosmetyce,\n\t\t\t\t\t\t\t\t\t<\/li>\n<li >\n\t\t\t\t\t\t\t\t\t\tprzemy\u015ble spo\u017cywczym,\n\t\t\t\t\t\t\t\t\t<\/li>\n<li >\n\t\t\t\t\t\t\t\t\t\ts\u0142u\u017cbie zdrowia.\n\t\t\t\t\t\t\t\t\t<\/li>\n<\/ul>\n<p>\t\t\t<a href=\"https:\/\/www.zbrojownia.pl\/search\/p%C5%82yn%20dezynfekuj%C4%85cy\" role=\"button\"><br \/>\n\t\t\t\t\t\tCzytaj wi\u0119cej<br \/>\n\t\t\t\t\t<\/a><br \/>\n\t\t\t\t\t\t\t\t\t\t<img decoding=\"async\" width=\"737\" height=\"737\" src=\"https:\/\/www.saxo.pl\/wp-content\/uploads\/2020\/04\/zbrojownia-pl-plyn-dezynfekujacy-do-rak-70-alkoholu-bomasept-g-1l-1-1.jpg\" alt=\"\" loading=\"lazy\" srcset=\"https:\/\/www.saxo.pl\/wp-content\/uploads\/2020\/04\/zbrojownia-pl-plyn-dezynfekujacy-do-rak-70-alkoholu-bomasept-g-1l-1-1.jpg 737w, https:\/\/www.saxo.pl\/wp-content\/uploads\/2020\/04\/zbrojownia-pl-plyn-dezynfekujacy-do-rak-70-alkoholu-bomasept-g-1l-1-1-300x300.jpg 300w, https:\/\/www.saxo.pl\/wp-content\/uploads\/2020\/04\/zbrojownia-pl-plyn-dezynfekujacy-do-rak-70-alkoholu-bomasept-g-1l-1-1-150x150.jpg 150w\" sizes=\"(max-width: 737px) 100vw, 737px\" \/><br \/>\n\t\t\t\t\t\t\t\t\t\t<img decoding=\"async\" width=\"737\" height=\"737\" src=\"https:\/\/www.saxo.pl\/wp-content\/uploads\/2020\/04\/zbrojownia-pl-zel-dezynfekujacy-do-rak-70-alkoholu-pro-chem-safety-500ml-1-1.jpg\" alt=\"\" loading=\"lazy\" srcset=\"https:\/\/www.saxo.pl\/wp-content\/uploads\/2020\/04\/zbrojownia-pl-zel-dezynfekujacy-do-rak-70-alkoholu-pro-chem-safety-500ml-1-1.jpg 737w, https:\/\/www.saxo.pl\/wp-content\/uploads\/2020\/04\/zbrojownia-pl-zel-dezynfekujacy-do-rak-70-alkoholu-pro-chem-safety-500ml-1-1-300x300.jpg 300w, https:\/\/www.saxo.pl\/wp-content\/uploads\/2020\/04\/zbrojownia-pl-zel-dezynfekujacy-do-rak-70-alkoholu-pro-chem-safety-500ml-1-1-150x150.jpg 150w\" sizes=\"(max-width: 737px) 100vw, 737px\" \/>\t\t\t\t\t\t\t\t\t\t\t<\/p>\n<h2>P\u0142yn dezynfekuj\u0105cy do r\u0105k 70% alkoholu<\/h2>\n<p>\u017bel do higieny r\u0105k. Umo\u017cliwia oczyszczenie d\u0142oni bez u\u017cycia wody i myd\u0142a. Wysoka zawarto\u015b\u0107 alkoholu w \u017celu sprawia, \u017ce b\u0142yskawicznie wysycha, pozostawiaj\u0105c r\u0119ce przyjemnie od\u015bwie\u017cone. Zawarta w sk\u0142adzie gliceryna pomaga utrzyma\u0107 sk\u00f3r\u0119 mi\u0119kk\u0105 i nawil\u017con\u0105. Posiada w\u0142a\u015bciwo\u015bci antybakteryjne. U\u0142atwia codzienne zachowanie higieny sk\u00f3ry r\u0105k, nie pozostawiaj\u0105c lepkiej warstwy.<\/p>\n<h2>Przeznaczony do stosowania w<\/h2>\n<ul>\n<li >\n\t\t\t\t\t\t\t\t\t\tszko\u0142ach i urz\u0119dach,\n\t\t\t\t\t\t\t\t\t<\/li>\n<li >\n\t\t\t\t\t\t\t\t\t\tsklepach,\n\t\t\t\t\t\t\t\t\t<\/li>\n<li >\n\t\t\t\t\t\t\t\t\t\trestauracjach i barach,\n\t\t\t\t\t\t\t\t\t<\/li>\n<li >\n\t\t\t\t\t\t\t\t\t\tszpitalach i klinikach.\n\t\t\t\t\t\t\t\t\t<\/li>\n<\/ul>\n<p>\t\t\t<a href=\"https:\/\/www.zbrojownia.pl\/search\/%C5%BBel%20dezynfekuj%C4%85cy\" role=\"button\"><br \/>\n\t\t\t\t\t\tCzytaj wi\u0119cej<br \/>\n\t\t\t\t\t<\/a><\/p>\n<h2>Maski i p\u00f3\u0142maski ochronne<\/h2>\n<p>Posiadamy szeroki asortyment masek i p\u00f3\u0142masek na twarz. Wszystkie maski z filtrem posiadaj\u0105 certyfikat CE, a zatem s\u0105 dopuszczone do sprzeda\u017cy na terenie Unii Europejskiej. P\u00f3\u0142maska idealnie nadaje si\u0119 do codziennego u\u017cytku w drodze do szko\u0142y, biura, na zakupy. Maska s\u0142u\u017cy do zabezpieczenia uk\u0142adu oddechowego przed wdychaniem uci\u0105\u017cliwych py\u0142\u00f3w i zapach\u00f3w, a tak\u017ce bakterii i wirus\u00f3w.<\/p>\n<h2>Posiadamy maseczki na twarz<\/h2>\n<ul>\n<li >\n\t\t\t\t\t\t\t\t\t\tz filtrami FFP2, FFP3 i N95,\n\t\t\t\t\t\t\t\t\t<\/li>\n<li >\n\t\t\t\t\t\t\t\t\t\tposiadaj\u0105ce certyfikat,\n\t\t\t\t\t\t\t\t\t<\/li>\n<li >\n\t\t\t\t\t\t\t\t\t\twielokrotnego u\u017cytku i jednorazowe,\n\t\t\t\t\t\t\t\t\t<\/li>\n<li >\n\t\t\t\t\t\t\t\t\t\tbawe\u0142niane i neoprenowe.\n\t\t\t\t\t\t\t\t\t<\/li>\n<\/ul>\n<p>\t\t\t<a href=\"https:\/\/www.zbrojownia.pl\/ochrona-drog-oddechowych\" role=\"button\"><br \/>\n\t\t\t\t\t\tCzytaj wi\u0119cej<br \/>\n\t\t\t\t\t<\/a><br \/>\n\t\t\t\t\t\t\t\t\t\t<img decoding=\"async\" width=\"737\" height=\"737\" src=\"https:\/\/www.saxo.pl\/wp-content\/uploads\/2020\/04\/zbrojownia-pl-maska-ochronna-przed-wirusami-i-smogiem-fs-o-30v-ffp3-nr-d-2-1.jpg\" alt=\"\" loading=\"lazy\" srcset=\"https:\/\/www.saxo.pl\/wp-content\/uploads\/2020\/04\/zbrojownia-pl-maska-ochronna-przed-wirusami-i-smogiem-fs-o-30v-ffp3-nr-d-2-1.jpg 737w, https:\/\/www.saxo.pl\/wp-content\/uploads\/2020\/04\/zbrojownia-pl-maska-ochronna-przed-wirusami-i-smogiem-fs-o-30v-ffp3-nr-d-2-1-300x300.jpg 300w, https:\/\/www.saxo.pl\/wp-content\/uploads\/2020\/04\/zbrojownia-pl-maska-ochronna-przed-wirusami-i-smogiem-fs-o-30v-ffp3-nr-d-2-1-150x150.jpg 150w\" sizes=\"(max-width: 737px) 100vw, 737px\" \/><br \/>\n\t\t\t\t\t\t\t\t\t\t<img decoding=\"async\" width=\"500\" height=\"500\" src=\"https:\/\/www.saxo.pl\/wp-content\/uploads\/2020\/04\/maska_ochronna_czarna_z_nadrukiem_wykrzyknik.png\" alt=\"\" loading=\"lazy\" srcset=\"https:\/\/www.saxo.pl\/wp-content\/uploads\/2020\/04\/maska_ochronna_czarna_z_nadrukiem_wykrzyknik.png 500w, https:\/\/www.saxo.pl\/wp-content\/uploads\/2020\/04\/maska_ochronna_czarna_z_nadrukiem_wykrzyknik-300x300.png 300w, https:\/\/www.saxo.pl\/wp-content\/uploads\/2020\/04\/maska_ochronna_czarna_z_nadrukiem_wykrzyknik-150x150.png 150w\" sizes=\"(max-width: 500px) 100vw, 500px\" \/>\t\t\t\t\t\t\t\t\t\t\t<\/p>\n<h2>NOWO\u015a\u0106 &#8211; Maska na twarz z logo Twojej firmy<\/h2>\n<p>Na specjalne \u017cyczenie klient\u00f3w mo\u017cemy przygotowa\u0107 maski z logiem przedsi\u0119biorstwa. Jeste\u015bmy w stanie wykona\u0107 ka\u017cdy wz\u00f3r, niezale\u017cnie od kszta\u0142tu i rozmiaru. Mo\u017cemy wykona\u0107 napis lub logotyp. Bezsprzecznie maska z nadrukiem przedstawiaj\u0105cym znak firmowy jest atrybutem, kt\u00f3ry pozwala na szybk\u0105 identyfikacj\u0119 pracownik\u00f3w w wielu zak\u0142adach przemys\u0142owych gdzie pracuje wielu podwykonawc\u00f3w.<\/p>\n<p><strong>Minimalna ilo\u015b\u0107 do zam\u00f3wienia: 20 szt.<\/strong><\/p>\n<h2>Cechy produktu<\/h2>\n<ul>\n<li >\n\t\t\t\t\t\t\t\t\t\ttrwa\u0142y nadruk lub haft,\n\t\t\t\t\t\t\t\t\t<\/li>\n<li >\n\t\t\t\t\t\t\t\t\t\twielokrotnego u\u017cytku,\n\t\t\t\t\t\t\t\t\t<\/li>\n<li >\n\t\t\t\t\t\t\t\t\t\tprzemy\u015ble spo\u017cywczym,\n\t\t\t\t\t\t\t\t\t<\/li>\n<li >\n\t\t\t\t\t\t\t\t\t\ts\u0142u\u017cbie zdrowia.\n\t\t\t\t\t\t\t\t\t<\/li>\n<\/ul>\n<p>\t\t\t<a href=\"mailto:sklep@zbrojownia.pl\" role=\"button\"><br \/>\n\t\t\t\t\t\tWy\u015blij zapytanie<br \/>\n\t\t\t\t\t<\/a><\/p>\n<h2>Przyk\u0142adowe wizualizacje projekt\u00f3w<\/h2>\n<p>\t\t\t\t<a data-elementor-open-lightbox=\"yes\" data-elementor-lightbox-slideshow=\"724df28\" data-elementor-lightbox-title=\"maska_ochronna_czarna_z_nadrukiem_alpaca\" href=\"https:\/\/www.saxo.pl\/wp-content\/uploads\/2020\/04\/maska_ochronna_czarna_z_nadrukiem_alpaca.png\"><\/p>\n<figure><img decoding=\"async\" src=\"https:\/\/www.saxo.pl\/wp-content\/uploads\/2020\/04\/maska_ochronna_czarna_z_nadrukiem_alpaca-300x300.png\" alt=\"maska_ochronna_czarna_z_nadrukiem_alpaca\" \/><\/figure>\n<p><\/a><a data-elementor-open-lightbox=\"yes\" data-elementor-lightbox-slideshow=\"724df28\" data-elementor-lightbox-title=\"maska_ochronna_czarna_z_nadrukiem_barcelona-removebg-preview\" href=\"https:\/\/www.saxo.pl\/wp-content\/uploads\/2020\/04\/maska_ochronna_czarna_z_nadrukiem_barcelona-removebg-preview.png\"><\/p>\n<figure><img decoding=\"async\" src=\"https:\/\/www.saxo.pl\/wp-content\/uploads\/2020\/04\/maska_ochronna_czarna_z_nadrukiem_barcelona-removebg-preview-300x300.png\" alt=\"maska_ochronna_czarna_z_nadrukiem_barcelona-removebg-preview\" \/><\/figure>\n<p><\/a><a data-elementor-open-lightbox=\"yes\" data-elementor-lightbox-slideshow=\"724df28\" data-elementor-lightbox-title=\"maska_ochronna_czarna_z_nadrukiem_gruba\" href=\"https:\/\/www.saxo.pl\/wp-content\/uploads\/2020\/04\/maska_ochronna_czarna_z_nadrukiem_gruba.png\"><\/p>\n<figure><img decoding=\"async\" src=\"https:\/\/www.saxo.pl\/wp-content\/uploads\/2020\/04\/maska_ochronna_czarna_z_nadrukiem_gruba-300x300.png\" alt=\"maska_ochronna_czarna_z_nadrukiem_gruba\" \/><\/figure>\n<p><\/a><a data-elementor-open-lightbox=\"yes\" data-elementor-lightbox-slideshow=\"724df28\" data-elementor-lightbox-title=\"maska_ochronna_czarna_z_nadrukiem_jordan\" href=\"https:\/\/www.saxo.pl\/wp-content\/uploads\/2020\/04\/maska_ochronna_czarna_z_nadrukiem_jordan.png\"><\/p>\n<figure><img decoding=\"async\" src=\"https:\/\/www.saxo.pl\/wp-content\/uploads\/2020\/04\/maska_ochronna_czarna_z_nadrukiem_jordan-300x300.png\" alt=\"maska_ochronna_czarna_z_nadrukiem_jordan\" \/><\/figure>\n<p><\/a><a data-elementor-open-lightbox=\"yes\" data-elementor-lightbox-slideshow=\"724df28\" data-elementor-lightbox-title=\"maska_ochronna_czarna_z_nadrukiem_manchester\" href=\"https:\/\/www.saxo.pl\/wp-content\/uploads\/2020\/04\/maska_ochronna_czarna_z_nadrukiem_manchester.png\"><\/p>\n<figure><img decoding=\"async\" src=\"https:\/\/www.saxo.pl\/wp-content\/uploads\/2020\/04\/maska_ochronna_czarna_z_nadrukiem_manchester-300x300.png\" alt=\"maska_ochronna_czarna_z_nadrukiem_manchester\" \/><\/figure>\n<p><\/a><a data-elementor-open-lightbox=\"yes\" data-elementor-lightbox-slideshow=\"724df28\" data-elementor-lightbox-title=\"maska_ochronna_czarna_z_nadrukiem_mcdonalds\" href=\"https:\/\/www.saxo.pl\/wp-content\/uploads\/2020\/04\/maska_ochronna_czarna_z_nadrukiem_mcdonalds.png\"><\/p>\n<figure><img decoding=\"async\" src=\"https:\/\/www.saxo.pl\/wp-content\/uploads\/2020\/04\/maska_ochronna_czarna_z_nadrukiem_mcdonalds-300x300.png\" alt=\"maska_ochronna_czarna_z_nadrukiem_mcdonalds\" \/><\/figure>\n<p><\/a><a data-elementor-open-lightbox=\"yes\" data-elementor-lightbox-slideshow=\"724df28\" data-elementor-lightbox-title=\"maska_ochronna_czarna_z_nadrukiem_milan\" href=\"https:\/\/www.saxo.pl\/wp-content\/uploads\/2020\/04\/maska_ochronna_czarna_z_nadrukiem_milan.png\"><\/p>\n<figure><img decoding=\"async\" src=\"https:\/\/www.saxo.pl\/wp-content\/uploads\/2020\/04\/maska_ochronna_czarna_z_nadrukiem_milan-300x300.png\" alt=\"maska_ochronna_czarna_z_nadrukiem_milan\" \/><\/figure>\n<p><\/a><br \/>\n\t\t\t\t\t\tPrevious<br \/>\n\t\t\t\t\t\tNext<\/p>\n","protected":false},"excerpt":{"rendered":"<p>Posiadamy p\u0142yny do dezynfekcji i maski ochronne Firma Saxo Group sp. z o.o. sp.k. wprowadzi\u0142a do oferty swoich sklep\u00f3w produkty z kategorii ochrony osobistej. W czasach pandemii koronawirusa zauwa\u017cyli\u015bmy jak trudno zakupi\u0107 \u017cel do dezynfekcji d\u0142oni lub najzwyklejsz\u0105 mask\u0119 ochronn\u0105. Sklepy budowlane gdzie maska przeciwpy\u0142owa by\u0142a standardem \u015bwiec\u0105 pustymi p\u00f3\u0142kami. Drogerie i dzia\u0142y z kosmetykami [&hellip;]<\/p>\n","protected":false},"author":1,"featured_media":0,"parent":0,"menu_order":0,"comment_status":"closed","ping_status":"closed","template":"","meta":{"advanced_seo_description":"","jetpack_seo_html_title":"","jetpack_seo_noindex":false,"ocean_post_layout":"","ocean_both_sidebars_style":"","ocean_both_sidebars_content_width":0,"ocean_both_sidebars_sidebars_width":0,"ocean_sidebar":"0","ocean_second_sidebar":"0","ocean_disable_margins":"enable","ocean_add_body_class":"","ocean_shortcode_before_top_bar":"","ocean_shortcode_after_top_bar":"","ocean_shortcode_before_header":"","ocean_shortcode_after_header":"","ocean_has_shortcode":"","ocean_shortcode_after_title":"","ocean_shortcode_before_footer_widgets":"","ocean_shortcode_after_footer_widgets":"","ocean_shortcode_before_footer_bottom":"","ocean_shortcode_after_footer_bottom":"","ocean_display_top_bar":"default","ocean_display_header":"default","ocean_header_style":"","ocean_center_header_left_menu":"0","ocean_custom_header_template":"0","ocean_custom_logo":0,"ocean_custom_retina_logo":0,"ocean_custom_logo_max_width":0,"ocean_custom_logo_tablet_max_width":0,"ocean_custom_logo_mobile_max_width":0,"ocean_custom_logo_max_height":0,"ocean_custom_logo_tablet_max_height":0,"ocean_custom_logo_mobile_max_height":0,"ocean_header_custom_menu":"0","ocean_menu_typo_font_family":"0","ocean_menu_typo_font_subset":"","ocean_menu_typo_font_size":0,"ocean_menu_typo_font_size_tablet":0,"ocean_menu_typo_font_size_mobile":0,"ocean_menu_typo_font_size_unit":"px","ocean_menu_typo_font_weight":"","ocean_menu_typo_font_weight_tablet":"","ocean_menu_typo_font_weight_mobile":"","ocean_menu_typo_transform":"","ocean_menu_typo_transform_tablet":"","ocean_menu_typo_transform_mobile":"","ocean_menu_typo_line_height":0,"ocean_menu_typo_line_height_tablet":0,"ocean_menu_typo_line_height_mobile":0,"ocean_menu_typo_line_height_unit":"","ocean_menu_typo_spacing":0,"ocean_menu_typo_spacing_tablet":0,"ocean_menu_typo_spacing_mobile":0,"ocean_menu_typo_spacing_unit":"","ocean_menu_link_color":"","ocean_menu_link_color_hover":"","ocean_menu_link_color_active":"","ocean_menu_link_background":"","ocean_menu_link_hover_background":"","ocean_menu_link_active_background":"","ocean_menu_social_links_bg":"","ocean_menu_social_hover_links_bg":"","ocean_menu_social_links_color":"","ocean_menu_social_hover_links_color":"","ocean_disable_title":"default","ocean_disable_heading":"default","ocean_post_title":"","ocean_post_subheading":"","ocean_post_title_style":"","ocean_post_title_background_color":"","ocean_post_title_background":0,"ocean_post_title_bg_image_position":"","ocean_post_title_bg_image_attachment":"","ocean_post_title_bg_image_repeat":"","ocean_post_title_bg_image_size":"","ocean_post_title_height":0,"ocean_post_title_bg_overlay":0.5,"ocean_post_title_bg_overlay_color":"","ocean_disable_breadcrumbs":"default","ocean_breadcrumbs_color":"","ocean_breadcrumbs_separator_color":"","ocean_breadcrumbs_links_color":"","ocean_breadcrumbs_links_hover_color":"","ocean_display_footer_widgets":"default","ocean_display_footer_bottom":"default","ocean_custom_footer_template":"0","jetpack_post_was_ever_published":false,"footnotes":""},"class_list":["post-1165","page","type-page","status-publish","hentry","entry"],"jetpack_sharing_enabled":true,"jetpack_shortlink":"https:\/\/wp.me\/PaH1Em-iN","_links":{"self":[{"href":"https:\/\/www.saxo.pl\/index.php\/wp-json\/wp\/v2\/pages\/1165"}],"collection":[{"href":"https:\/\/www.saxo.pl\/index.php\/wp-json\/wp\/v2\/pages"}],"about":[{"href":"https:\/\/www.saxo.pl\/index.php\/wp-json\/wp\/v2\/types\/page"}],"author":[{"embeddable":true,"href":"https:\/\/www.saxo.pl\/index.php\/wp-json\/wp\/v2\/users\/1"}],"replies":[{"embeddable":true,"href":"https:\/\/www.saxo.pl\/index.php\/wp-json\/wp\/v2\/comments?post=1165"}],"version-history":[{"count":43,"href":"https:\/\/www.saxo.pl\/index.php\/wp-json\/wp\/v2\/pages\/1165\/revisions"}],"predecessor-version":[{"id":1263,"href":"https:\/\/www.saxo.pl\/index.php\/wp-json\/wp\/v2\/pages\/1165\/revisions\/1263"}],"wp:attachment":[{"href":"https:\/\/www.saxo.pl\/index.php\/wp-json\/wp\/v2\/media?parent=1165"}],"curies":[{"name":"wp","href":"https:\/\/api.w.org\/{rel}","templated":true}]}}