{"id":1139,"date":"2019-11-13T16:10:33","date_gmt":"2019-11-13T15:10:33","guid":{"rendered":"https:\/\/www.saxo.pl\/?page_id=1139"},"modified":"2020-10-01T10:39:54","modified_gmt":"2020-10-01T08:39:54","slug":"norica-pl","status":"publish","type":"page","link":"https:\/\/www.saxo.pl\/index.php\/norica-pl\/","title":{"rendered":"norica.pl"},"content":{"rendered":"<figure>\n\t\t\t\t\t\t\t\t\t\t\t<a href=\"https:\/\/www.norica.pl\/\"><br \/>\n\t\t\t\t\t\t\t<img decoding=\"async\" width=\"786\" height=\"603\" src=\"https:\/\/www.saxo.pl\/wp-content\/uploads\/2019\/11\/norica.jpg\" alt=\"sklep z dobrymi wiatr\u00f3wkami norica\" loading=\"lazy\" srcset=\"https:\/\/www.saxo.pl\/wp-content\/uploads\/2019\/11\/norica.jpg 786w, https:\/\/www.saxo.pl\/wp-content\/uploads\/2019\/11\/norica-300x230.jpg 300w, https:\/\/www.saxo.pl\/wp-content\/uploads\/2019\/11\/norica-768x589.jpg 768w\" sizes=\"(max-width: 786px) 100vw, 786px\" \/>\t\t\t\t\t\t\t\t<\/a><figcaption>www.norica.pl<\/figcaption><\/figure>\n<p><strong>Wiatr\u00f3wki Norica<\/strong>\u00a0to szeroki zakres karabink\u00f3w pneumatycznych wyprodukowanych <strong>w Hiszpanii<\/strong>.\u00a0Pocz\u0105wszy od wiatr\u00f3wek dla dzieci cyli Shooter, 56 lub Thor. Dla m\u0142odzie\u017cy i kobiet, czyli u\u017cytkownik\u00f3w, kt\u00f3rzy maj\u0105 troch\u0119 wi\u0119cej si\u0142y polecane s\u0105 takie modele jak Verteks,\u00a0Spider GRS. Dla wymagaj\u0105cych Norica proponuje Marvic 2.0 lub Dream Hunter. <strong>Wiatr\u00f3wki Norica<\/strong> to tak\u017ce ciekawe stylizacje \u2013 nie tylko kolby z drewna bukowego czy polimeru, to tak\u017ce kolby w ciekawych i niespotykanych kolorach jak, np. Thor GRS w kolorze niebieskim lub Thor GRS\u00a0Supreme gdzie kolba jest <strong>z drewna<\/strong> bukowego barwionego na zielono. Norica stosuje te\u017c ciekawe kamufla\u017ce m. in. bardzo dobrze znany ameryka\u0144ski UCP lub RealTree Camo. Phantom GRS charakteryzuje si\u0119 barwieniem kolby na czarno i naniesionymi czaszkami co pokazuje, \u017ce Norica jest odwa\u017cna. Przy klasycznych liniach \u0142o\u017ca warto wspomnie\u0107 o modelu Dead Eye GRS, kt\u00f3ry jest doskona\u0142ym rozwi\u0105zaniem dla fan\u00f3w nowoczesnej broni i designem przypomina wojskowy <strong>karabin wyborowy<\/strong>.<\/p>\n<p>Bez dw\u00f3ch zda\u0144\u00a0Norica\u00a0to produkty dla wszystkich. Zar\u00f3wno pocz\u0105tkuj\u0105cych, jak r\u00f3wnie\u017c i zaawansowanych, dla m\u0142odych i starszych, dla fan\u00f3w klasyki i nowoczesno\u015bci. Jednak\u00a0Norica\u00a0to te\u017c szereg rozwi\u0105za\u0144 i innowacji autorskich. Systemy takie jak <strong>GRS<\/strong> czy SilentShot\u00a0pozwalaj\u0105 na osi\u0105gni\u0119cie bardzo du\u017cej celno\u015bci i pr\u0119dko\u015bci pocz\u0105tkowych, natomiast metalowe zamki czy \u015bwiat\u0142owodowe przyrz\u0105dy celownicze zapewniaj\u0105 wiele strza\u0142\u00f3w i mn\u00f3stwo dobrej zabawy <strong>przez wiele lat.<\/strong><\/p>\n<p>\t\t\t\t\t\t\t<a href=\"https:\/\/www.facebook.com\/NoricaPL\" target=\"_blank\" rel=\"noopener noreferrer\"><br \/>\n\t\t\t\t\tFacebook-f<br \/>\n\t\t\t\t\t\t\t\t\t<\/a><\/p>\n<p><b>Dane adresowe:<br \/><\/b>Saxo Group sp. z o.o. sp.k.<br \/>ul. Pszczy\u0144ska 202A<br \/>44-100 GLIWICE<br \/>NIP : 631 21 66 831<br \/>REGON : 273775927<br \/><b>Numer konta:<br \/><\/b>BZWBK 88 1090 1766 0000 0001 3365 8659<\/p>\n","protected":false},"excerpt":{"rendered":"<p>www.norica.pl Wiatr\u00f3wki Norica\u00a0to szeroki zakres karabink\u00f3w pneumatycznych wyprodukowanych w Hiszpanii.\u00a0Pocz\u0105wszy od wiatr\u00f3wek dla dzieci cyli Shooter, 56 lub Thor. Dla m\u0142odzie\u017cy i kobiet, czyli u\u017cytkownik\u00f3w, kt\u00f3rzy maj\u0105 troch\u0119 wi\u0119cej si\u0142y polecane s\u0105 takie modele jak Verteks,\u00a0Spider GRS. Dla wymagaj\u0105cych Norica proponuje Marvic 2.0 lub Dream Hunter. Wiatr\u00f3wki Norica to tak\u017ce ciekawe stylizacje \u2013 nie tylko [&hellip;]<\/p>\n","protected":false},"author":1,"featured_media":0,"parent":0,"menu_order":0,"comment_status":"closed","ping_status":"closed","template":"","meta":{"advanced_seo_description":"","jetpack_seo_html_title":"","jetpack_seo_noindex":false,"ocean_post_layout":"","ocean_both_sidebars_style":"","ocean_both_sidebars_content_width":0,"ocean_both_sidebars_sidebars_width":0,"ocean_sidebar":"0","ocean_second_sidebar":"0","ocean_disable_margins":"enable","ocean_add_body_class":"","ocean_shortcode_before_top_bar":"","ocean_shortcode_after_top_bar":"","ocean_shortcode_before_header":"","ocean_shortcode_after_header":"","ocean_has_shortcode":"","ocean_shortcode_after_title":"","ocean_shortcode_before_footer_widgets":"","ocean_shortcode_after_footer_widgets":"","ocean_shortcode_before_footer_bottom":"","ocean_shortcode_after_footer_bottom":"","ocean_display_top_bar":"default","ocean_display_header":"default","ocean_header_style":"","ocean_center_header_left_menu":"0","ocean_custom_header_template":"0","ocean_custom_logo":0,"ocean_custom_retina_logo":0,"ocean_custom_logo_max_width":0,"ocean_custom_logo_tablet_max_width":0,"ocean_custom_logo_mobile_max_width":0,"ocean_custom_logo_max_height":0,"ocean_custom_logo_tablet_max_height":0,"ocean_custom_logo_mobile_max_height":0,"ocean_header_custom_menu":"0","ocean_menu_typo_font_family":"0","ocean_menu_typo_font_subset":"","ocean_menu_typo_font_size":0,"ocean_menu_typo_font_size_tablet":0,"ocean_menu_typo_font_size_mobile":0,"ocean_menu_typo_font_size_unit":"px","ocean_menu_typo_font_weight":"","ocean_menu_typo_font_weight_tablet":"","ocean_menu_typo_font_weight_mobile":"","ocean_menu_typo_transform":"","ocean_menu_typo_transform_tablet":"","ocean_menu_typo_transform_mobile":"","ocean_menu_typo_line_height":0,"ocean_menu_typo_line_height_tablet":0,"ocean_menu_typo_line_height_mobile":0,"ocean_menu_typo_line_height_unit":"","ocean_menu_typo_spacing":0,"ocean_menu_typo_spacing_tablet":0,"ocean_menu_typo_spacing_mobile":0,"ocean_menu_typo_spacing_unit":"","ocean_menu_link_color":"","ocean_menu_link_color_hover":"","ocean_menu_link_color_active":"","ocean_menu_link_background":"","ocean_menu_link_hover_background":"","ocean_menu_link_active_background":"","ocean_menu_social_links_bg":"","ocean_menu_social_hover_links_bg":"","ocean_menu_social_links_color":"","ocean_menu_social_hover_links_color":"","ocean_disable_title":"default","ocean_disable_heading":"default","ocean_post_title":"","ocean_post_subheading":"","ocean_post_title_style":"","ocean_post_title_background_color":"","ocean_post_title_background":0,"ocean_post_title_bg_image_position":"","ocean_post_title_bg_image_attachment":"","ocean_post_title_bg_image_repeat":"","ocean_post_title_bg_image_size":"","ocean_post_title_height":0,"ocean_post_title_bg_overlay":0.5,"ocean_post_title_bg_overlay_color":"","ocean_disable_breadcrumbs":"default","ocean_breadcrumbs_color":"","ocean_breadcrumbs_separator_color":"","ocean_breadcrumbs_links_color":"","ocean_breadcrumbs_links_hover_color":"","ocean_display_footer_widgets":"default","ocean_display_footer_bottom":"default","ocean_custom_footer_template":"0","jetpack_post_was_ever_published":false,"footnotes":""},"class_list":["post-1139","page","type-page","status-publish","hentry","entry"],"jetpack_sharing_enabled":true,"jetpack_shortlink":"https:\/\/wp.me\/PaH1Em-in","_links":{"self":[{"href":"https:\/\/www.saxo.pl\/index.php\/wp-json\/wp\/v2\/pages\/1139"}],"collection":[{"href":"https:\/\/www.saxo.pl\/index.php\/wp-json\/wp\/v2\/pages"}],"about":[{"href":"https:\/\/www.saxo.pl\/index.php\/wp-json\/wp\/v2\/types\/page"}],"author":[{"embeddable":true,"href":"https:\/\/www.saxo.pl\/index.php\/wp-json\/wp\/v2\/users\/1"}],"replies":[{"embeddable":true,"href":"https:\/\/www.saxo.pl\/index.php\/wp-json\/wp\/v2\/comments?post=1139"}],"version-history":[{"count":8,"href":"https:\/\/www.saxo.pl\/index.php\/wp-json\/wp\/v2\/pages\/1139\/revisions"}],"predecessor-version":[{"id":1255,"href":"https:\/\/www.saxo.pl\/index.php\/wp-json\/wp\/v2\/pages\/1139\/revisions\/1255"}],"wp:attachment":[{"href":"https:\/\/www.saxo.pl\/index.php\/wp-json\/wp\/v2\/media?parent=1139"}],"curies":[{"name":"wp","href":"https:\/\/api.w.org\/{rel}","templated":true}]}}